{"id":8205,"date":"2026-04-16T12:05:59","date_gmt":"2026-04-16T18:05:59","guid":{"rendered":"https:\/\/libreriahistoriasdebolsillo.com\/?post_type=product&#038;p=8205"},"modified":"2026-04-16T12:05:59","modified_gmt":"2026-04-16T18:05:59","slug":"manual-de-ghosting-para-principiantes-edicion-limitada-con-cantos-tintados","status":"publish","type":"product","link":"https:\/\/libreriahistoriasdebolsillo.com\/index.php\/producto\/manual-de-ghosting-para-principiantes-edicion-limitada-con-cantos-tintados\/","title":{"rendered":"Manual de ghosting para principiantes (edici\u00f3n limitada con cantos tintados)"},"content":{"rendered":"<div class=\"justify\">\n<p><b>LA COMEDIA ROM\u00c1NTICA DEL A\u00d1O: UNA HISTORIA DE AMOR QUE ATRAVIESA PAREDES, PREJUICIOS\u2026 Y PLANOS EXISTENCIALES.<\/b><\/p>\n<\/div>\n<div class=\"justify\">\n<p><i>Esto es lo que tienes que saber sobre Delia Ag\u00f3s: el oto\u00f1o en el que iba a cumplir treinta a\u00f1os amaneci\u00f3 con el cad\u00e1ver de alguien en el rellano de su piso. Nadie quiere verse nunca en una situaci\u00f3n as\u00ed. Quiero decir, a punto de cumplir los treinta a\u00f1os.<\/i><\/p>\n<p>La vida de\u00a0<b>Delia Ag\u00f3s<\/b>\u00a0es un desprop\u00f3sito: eterna becaria en una empresa, su novia acaba de dejarla y se ha metido en la compra de un d\u00faplex que la ha arruinado. Esto, seg\u00fan las grandes mentes de la filosof\u00eda, tiene una \u00fanica soluci\u00f3n: salir una noche y acostarse con quien sea para dejar de ser la amargada del grupo que solo habla de hipotecas variables.<\/p>\n<p>El problema empieza cuando decide liarsecon el desprop\u00f3sito de\u00a0<b>Angie Samper<\/b>, la caradura tras la barra, y una imb\u00e9cil irresistible a la que Delia no soporta desde el primer minuto y con la que pasa la mejor noche de su vida. Pero, bueno, tampoco es que tengan que volver a verse, \u00bfno? Hasta que Angie se despe\u00f1a por las escaleras y se convierte en fantasma de su piso reci\u00e9n hipotecado.<\/p>\n<p>O en resumen: c\u00f3mo sobrevivir a un caso literal de\u00a0<b>Aqu\u00ed te pillo, aqu\u00ed te mato<\/b>.<\/p>\n<\/div>\n","protected":false},"excerpt":{"rendered":"<p>CLARA DUARTE<br \/>\n384 p\u00e1ginas<\/p>\n","protected":false},"featured_media":8206,"template":"","meta":{"_joinchat":[]},"product_brand":[],"product_cat":[38,70,76],"product_tag":[34],"class_list":{"0":"post-8205","1":"product","2":"type-product","3":"status-publish","4":"has-post-thumbnail","6":"product_cat-lgbtq","7":"product_cat-novedades","8":"product_cat-romantasy","9":"product_tag-penguin-random-house","11":"first","12":"instock","13":"shipping-taxable","14":"purchasable","15":"product-type-simple"},"_links":{"self":[{"href":"https:\/\/libreriahistoriasdebolsillo.com\/index.php\/wp-json\/wp\/v2\/product\/8205","targetHints":{"allow":["GET"]}}],"collection":[{"href":"https:\/\/libreriahistoriasdebolsillo.com\/index.php\/wp-json\/wp\/v2\/product"}],"about":[{"href":"https:\/\/libreriahistoriasdebolsillo.com\/index.php\/wp-json\/wp\/v2\/types\/product"}],"wp:featuredmedia":[{"embeddable":true,"href":"https:\/\/libreriahistoriasdebolsillo.com\/index.php\/wp-json\/wp\/v2\/media\/8206"}],"wp:attachment":[{"href":"https:\/\/libreriahistoriasdebolsillo.com\/index.php\/wp-json\/wp\/v2\/media?parent=8205"}],"wp:term":[{"taxonomy":"product_brand","embeddable":true,"href":"https:\/\/libreriahistoriasdebolsillo.com\/index.php\/wp-json\/wp\/v2\/product_brand?post=8205"},{"taxonomy":"product_cat","embeddable":true,"href":"https:\/\/libreriahistoriasdebolsillo.com\/index.php\/wp-json\/wp\/v2\/product_cat?post=8205"},{"taxonomy":"product_tag","embeddable":true,"href":"https:\/\/libreriahistoriasdebolsillo.com\/index.php\/wp-json\/wp\/v2\/product_tag?post=8205"}],"curies":[{"name":"wp","href":"https:\/\/api.w.org\/{rel}","templated":true}]}}