{"id":8207,"date":"2026-04-16T12:09:04","date_gmt":"2026-04-16T18:09:04","guid":{"rendered":"https:\/\/libreriahistoriasdebolsillo.com\/?post_type=product&#038;p=8207"},"modified":"2026-04-17T16:24:01","modified_gmt":"2026-04-17T22:24:01","slug":"saga-hades-y-persefone-1-la-caricia-de-la-oscuridad","status":"publish","type":"product","link":"https:\/\/libreriahistoriasdebolsillo.com\/index.php\/producto\/saga-hades-y-persefone-1-la-caricia-de-la-oscuridad\/","title":{"rendered":"Saga Hades y Pers\u00e9fone 1. La caricia de la oscuridad"},"content":{"rendered":"<div class=\"justify\">\n<p><b>La oscura y fascinante reinterpretaci\u00f3n del<\/b>\u00a0<b>mito griego de Hades y Pers\u00e9fone que ha<\/b>\u00a0<b>cautivado a los fans del<\/b>\u00a0<b>romantasy<\/b><\/p>\n<\/div>\n<div class=\"justify\">\n<p><b>Pers\u00e9fone es la diosa de la primavera<\/b>, aunque solo de nombre: desde que puede recordar, las flores se marchitan bajo su toque. Al mudarse a\u00a0<b>Nueva Atenas<\/b>, espera llevar una vida discreta\u00a0<b>disfrazada de periodista<\/b>. Todo eso cambia cuando se sienta en un club nocturno para jugar una partida de cartas con un\u00a0<b>hipn\u00f3tico<\/b>\u00a0<b>y misterioso desconocido<\/b>.<\/p>\n<p>Hades, dios de los muertos, ha\u00a0<b>construido un imperio<\/b>\u00a0<b>del juego<\/b>\u00a0en el mundo mortal y se rumora que sus apuestas favoritas son aquellas imposibles de ganar. Pero nada le intriga tanto como la diosa que le ofrece un\u00a0<b>trato irresistible<\/b>.<\/p>\n<p>Tras su\u00a0<b>encuentro con Hades<\/b>, Pers\u00e9fone se ve atrapada en un contrato de t\u00e9rminos irrealizables: debe crear vida en el Inframundo o perder\u00e1 su libertad para siempre. A medida que las semillas de su independencia se\u00a0<b>esfuerzan por florecer<\/b>, sus sentimientos hacia Hades crecen\u00a0<b>sin poder evitarlo<\/b>, a pesar de saber que est\u00e1n\u2026 prohibidos.<\/p>\n<\/div>\n","protected":false},"excerpt":{"rendered":"<p>Scarlett St. Clair<br \/>\n416 p\u00e1ginas<\/p>\n","protected":false},"featured_media":8208,"template":"","meta":{"_joinchat":[]},"product_brand":[],"product_cat":[39,75,70,76],"product_tag":[34],"class_list":{"0":"post-8207","1":"product","2":"type-product","3":"status-publish","4":"has-post-thumbnail","6":"product_cat-fantasia","7":"product_cat-mitologia","8":"product_cat-novedades","9":"product_cat-romantasy","10":"product_tag-penguin-random-house","12":"first","13":"outofstock","14":"shipping-taxable","15":"purchasable","16":"product-type-simple"},"_links":{"self":[{"href":"https:\/\/libreriahistoriasdebolsillo.com\/index.php\/wp-json\/wp\/v2\/product\/8207","targetHints":{"allow":["GET"]}}],"collection":[{"href":"https:\/\/libreriahistoriasdebolsillo.com\/index.php\/wp-json\/wp\/v2\/product"}],"about":[{"href":"https:\/\/libreriahistoriasdebolsillo.com\/index.php\/wp-json\/wp\/v2\/types\/product"}],"wp:featuredmedia":[{"embeddable":true,"href":"https:\/\/libreriahistoriasdebolsillo.com\/index.php\/wp-json\/wp\/v2\/media\/8208"}],"wp:attachment":[{"href":"https:\/\/libreriahistoriasdebolsillo.com\/index.php\/wp-json\/wp\/v2\/media?parent=8207"}],"wp:term":[{"taxonomy":"product_brand","embeddable":true,"href":"https:\/\/libreriahistoriasdebolsillo.com\/index.php\/wp-json\/wp\/v2\/product_brand?post=8207"},{"taxonomy":"product_cat","embeddable":true,"href":"https:\/\/libreriahistoriasdebolsillo.com\/index.php\/wp-json\/wp\/v2\/product_cat?post=8207"},{"taxonomy":"product_tag","embeddable":true,"href":"https:\/\/libreriahistoriasdebolsillo.com\/index.php\/wp-json\/wp\/v2\/product_tag?post=8207"}],"curies":[{"name":"wp","href":"https:\/\/api.w.org\/{rel}","templated":true}]}}