{"id":8209,"date":"2026-04-16T12:12:15","date_gmt":"2026-04-16T18:12:15","guid":{"rendered":"https:\/\/libreriahistoriasdebolsillo.com\/?post_type=product&#038;p=8209"},"modified":"2026-04-16T12:12:16","modified_gmt":"2026-04-16T18:12:16","slug":"rojo-como-sangre-azul","status":"publish","type":"product","link":"https:\/\/libreriahistoriasdebolsillo.com\/index.php\/producto\/rojo-como-sangre-azul\/","title":{"rendered":"Rojo como sangre azul"},"content":{"rendered":"<div class=\"justify\">\n<p><b>Un<\/b>\u00a0<i><b>royal<\/b><\/i>\u00a0<i><b>mystery<\/b><\/i>\u00a0<b>con un toque de<\/b>\u00a0<i><b>Una herencia en juego<\/b><\/i>\u00a0<b>que combina intrigas palaciegas, dramas de sucesi\u00f3n y romance.<\/b><\/p>\n<\/div>\n<div class=\"justify\">\n<p><b>EL REY HA MUERTO.<\/b><\/p>\n<p>Y, en sus \u00faltimos momentos de vida, nombr\u00f3 a Ruby, una criada, \u00fanica heredera del trono.<\/p>\n<p><b>LA CORONA EST\u00c1 EN JUEGO.<\/b><\/p>\n<p>Ruby va a necesitar todos sus recursos e ingenio para hacer valer sus derechos. Sobre todo, cuando encuentre una nota en la que el difunto rey afirma que su muerte fue en realidad un asesinato\u2026 y que Ruby podr\u00eda ser la siguiente.<\/p>\n<p><b>LA PARTIDA ACABA DE EMPEZAR.<\/b><\/p>\n<p>Ruby sospecha de todos los habitantes de palacio, desde los entrometidos consejeros hasta la malvada reina, y muy especialmente de los apuestos pr\u00edncipes. Todos ten\u00edan sus motivos para matar al rey. Cada uno de ellos oculta un secreto mortal. Sucumbir a los encantos de los pr\u00edncipes podr\u00eda ser la perdici\u00f3n de la joven reina. Sin embargo, a medida que se acerca la hora de la verdad, la tentaci\u00f3n amenaza con hacer a\u00f1icos la determinaci\u00f3n de Ruby por llegar hasta el final.<\/p>\n<\/div>\n","protected":false},"excerpt":{"rendered":"<p>Elizabeth Hart<br \/>\n368 p\u00e1ginas<\/p>\n","protected":false},"featured_media":8210,"template":"","meta":{"_joinchat":[]},"product_brand":[],"product_cat":[39,70,76],"product_tag":[34],"class_list":{"0":"post-8209","1":"product","2":"type-product","3":"status-publish","4":"has-post-thumbnail","6":"product_cat-fantasia","7":"product_cat-novedades","8":"product_cat-romantasy","9":"product_tag-penguin-random-house","11":"first","12":"instock","13":"shipping-taxable","14":"purchasable","15":"product-type-simple"},"_links":{"self":[{"href":"https:\/\/libreriahistoriasdebolsillo.com\/index.php\/wp-json\/wp\/v2\/product\/8209","targetHints":{"allow":["GET"]}}],"collection":[{"href":"https:\/\/libreriahistoriasdebolsillo.com\/index.php\/wp-json\/wp\/v2\/product"}],"about":[{"href":"https:\/\/libreriahistoriasdebolsillo.com\/index.php\/wp-json\/wp\/v2\/types\/product"}],"wp:featuredmedia":[{"embeddable":true,"href":"https:\/\/libreriahistoriasdebolsillo.com\/index.php\/wp-json\/wp\/v2\/media\/8210"}],"wp:attachment":[{"href":"https:\/\/libreriahistoriasdebolsillo.com\/index.php\/wp-json\/wp\/v2\/media?parent=8209"}],"wp:term":[{"taxonomy":"product_brand","embeddable":true,"href":"https:\/\/libreriahistoriasdebolsillo.com\/index.php\/wp-json\/wp\/v2\/product_brand?post=8209"},{"taxonomy":"product_cat","embeddable":true,"href":"https:\/\/libreriahistoriasdebolsillo.com\/index.php\/wp-json\/wp\/v2\/product_cat?post=8209"},{"taxonomy":"product_tag","embeddable":true,"href":"https:\/\/libreriahistoriasdebolsillo.com\/index.php\/wp-json\/wp\/v2\/product_tag?post=8209"}],"curies":[{"name":"wp","href":"https:\/\/api.w.org\/{rel}","templated":true}]}}