{"id":8211,"date":"2026-04-16T12:14:55","date_gmt":"2026-04-16T18:14:55","guid":{"rendered":"https:\/\/libreriahistoriasdebolsillo.com\/?post_type=product&#038;p=8211"},"modified":"2026-04-16T12:14:55","modified_gmt":"2026-04-16T18:14:55","slug":"mi-caos-mi-fuerza","status":"publish","type":"product","link":"https:\/\/libreriahistoriasdebolsillo.com\/index.php\/producto\/mi-caos-mi-fuerza\/","title":{"rendered":"Mi caos, mi fuerza"},"content":{"rendered":"<div class=\"justify\">\n<p><b>\u00abMi condici\u00f3n mental<\/b>\u00a0<b>y el nombre que le pongan<\/b>\u00a0<b>no me definen como persona.\u00bb<\/b><\/p>\n<\/div>\n<div class=\"justify\">\n<p>\u00bfQu\u00e9 sucede cuando\u00a0<b>una energ\u00eda inmensa<\/b>, como un trueno, enciende un fuego interior que te consume\u2026 pero al mismo tiempo te impulsa a\u00a0<b>querer cambiar el mundo<\/b>? Desde la ni\u00f1ez,\u00a0<b>Alejandro<\/b>\u00a0sinti\u00f3 esta intensidad, una fuerza que a veces se percib\u00eda como un superpoder, y a veces era un\u00a0<b>hurac\u00e1n infranqueable<\/b>.<\/p>\n<p>Este libro es el testimonio crudo y honesto de vivir con la compleja combinaci\u00f3n de trastorno bipolar, trastorno por\u00a0<b>d\u00e9ficit de atenci\u00f3n con hiperactividad (TDAH)<\/b>, fibromialgia y disautonom\u00eda. Pero no es un lamento: muy por el contrario, es un viaje que nos va mostrando c\u00f3mo el autor logr\u00f3\u00a0<b>convertir su enfermedad<\/b>\u00a0en un \u00abregalo divino\u00bb.<\/p>\n<p>Cada persona es distinta, pero en este libro\u00a0<b>todos podemos aprender<\/b>\u00a0de primera mano sobre el uso de estrategias conscientes para regular ese \u00abfuego\u00bb y evitar que la inestabilidad se apodere de nuestra vida.<\/p>\n<p><b>\u00abHay que empezar est\u00e9 como<\/b>\u00a0<b>est\u00e9,pero<\/b><b>\u00a0hay que empezar.\u00bb<\/b><\/p>\n<\/div>\n","protected":false},"excerpt":{"rendered":"<p>Alejandro Chagoya<br \/>\n288 p\u00e1ginas<\/p>\n","protected":false},"featured_media":8212,"template":"","meta":{"_joinchat":[]},"product_brand":[],"product_cat":[58,41,70],"product_tag":[34],"class_list":{"0":"post-8211","1":"product","2":"type-product","3":"status-publish","4":"has-post-thumbnail","6":"product_cat-desarrollo-humano-y-superacion","7":"product_cat-desarrollo-humano","8":"product_cat-novedades","9":"product_tag-penguin-random-house","11":"first","12":"instock","13":"shipping-taxable","14":"purchasable","15":"product-type-simple"},"_links":{"self":[{"href":"https:\/\/libreriahistoriasdebolsillo.com\/index.php\/wp-json\/wp\/v2\/product\/8211","targetHints":{"allow":["GET"]}}],"collection":[{"href":"https:\/\/libreriahistoriasdebolsillo.com\/index.php\/wp-json\/wp\/v2\/product"}],"about":[{"href":"https:\/\/libreriahistoriasdebolsillo.com\/index.php\/wp-json\/wp\/v2\/types\/product"}],"wp:featuredmedia":[{"embeddable":true,"href":"https:\/\/libreriahistoriasdebolsillo.com\/index.php\/wp-json\/wp\/v2\/media\/8212"}],"wp:attachment":[{"href":"https:\/\/libreriahistoriasdebolsillo.com\/index.php\/wp-json\/wp\/v2\/media?parent=8211"}],"wp:term":[{"taxonomy":"product_brand","embeddable":true,"href":"https:\/\/libreriahistoriasdebolsillo.com\/index.php\/wp-json\/wp\/v2\/product_brand?post=8211"},{"taxonomy":"product_cat","embeddable":true,"href":"https:\/\/libreriahistoriasdebolsillo.com\/index.php\/wp-json\/wp\/v2\/product_cat?post=8211"},{"taxonomy":"product_tag","embeddable":true,"href":"https:\/\/libreriahistoriasdebolsillo.com\/index.php\/wp-json\/wp\/v2\/product_tag?post=8211"}],"curies":[{"name":"wp","href":"https:\/\/api.w.org\/{rel}","templated":true}]}}