{"id":8215,"date":"2026-04-16T12:19:20","date_gmt":"2026-04-16T18:19:20","guid":{"rendered":"https:\/\/libreriahistoriasdebolsillo.com\/?post_type=product&#038;p=8215"},"modified":"2026-04-16T12:19:20","modified_gmt":"2026-04-16T18:19:20","slug":"game-changers-2-mas-que-rivales","status":"publish","type":"product","link":"https:\/\/libreriahistoriasdebolsillo.com\/index.php\/producto\/game-changers-2-mas-que-rivales\/","title":{"rendered":"Game Changers 2. M\u00e1s que rivales"},"content":{"rendered":"<div class=\"justify\">\n<p><b>Descubre el\u00a0<i>sports romance\u00a0<\/i><\/b><i><b>de hockey en el que<\/b><\/i><b>\u00a0se inspira la serie de televisi\u00f3n de \u00e9xito \u00abHeated Rivalry\u00bb.<\/b><\/p>\n<\/div>\n<div class=\"justify\">\n<p>Nada puede interferir en el juego de la estrella del hockey profesional Shane Hollander.<\/p>\n<p>Ahora que es el capit\u00e1n de los Montreal Voyageurs, no permitir\u00e1 que nada lo ponga en peligro, y mucho menos su sexy rival, a quien le encanta odiar.<\/p>\n<p>El capit\u00e1n de los Boston Bears, Ilya Rozanov, es todo lo que Shane no es. Autoproclamado Rey del hielo, tiene tanta arrogancia como talento. Nadie puede vencerlo, excepto Shane. En p\u00fablico, son enemigos. En privado, no pueden dejar de tocarse.<\/p>\n<p>Lo m\u00e1s inteligente ahora ser\u00eda alejarse, especialmente cuando unos cuantos encuentros secretos se convierten en una lucha por mantener su relaci\u00f3n fuera de la prensa. La verdad podr\u00eda arruinarlos a ambos.<\/p>\n<p>Pero para Shane e Ilya, el secreto pronto deja de ser una opci\u00f3n&#8230;<\/p>\n<\/div>\n","protected":false},"excerpt":{"rendered":"<p>Rachel Reid<br \/>\n432 p\u00e1ginas<\/p>\n","protected":false},"featured_media":8216,"template":"","meta":{"_joinchat":[]},"product_brand":[],"product_cat":[38,70,35],"product_tag":[34],"class_list":{"0":"post-8215","1":"product","2":"type-product","3":"status-publish","4":"has-post-thumbnail","6":"product_cat-lgbtq","7":"product_cat-novedades","8":"product_cat-romantica","9":"product_tag-penguin-random-house","11":"first","12":"instock","13":"shipping-taxable","14":"purchasable","15":"product-type-simple"},"_links":{"self":[{"href":"https:\/\/libreriahistoriasdebolsillo.com\/index.php\/wp-json\/wp\/v2\/product\/8215","targetHints":{"allow":["GET"]}}],"collection":[{"href":"https:\/\/libreriahistoriasdebolsillo.com\/index.php\/wp-json\/wp\/v2\/product"}],"about":[{"href":"https:\/\/libreriahistoriasdebolsillo.com\/index.php\/wp-json\/wp\/v2\/types\/product"}],"wp:featuredmedia":[{"embeddable":true,"href":"https:\/\/libreriahistoriasdebolsillo.com\/index.php\/wp-json\/wp\/v2\/media\/8216"}],"wp:attachment":[{"href":"https:\/\/libreriahistoriasdebolsillo.com\/index.php\/wp-json\/wp\/v2\/media?parent=8215"}],"wp:term":[{"taxonomy":"product_brand","embeddable":true,"href":"https:\/\/libreriahistoriasdebolsillo.com\/index.php\/wp-json\/wp\/v2\/product_brand?post=8215"},{"taxonomy":"product_cat","embeddable":true,"href":"https:\/\/libreriahistoriasdebolsillo.com\/index.php\/wp-json\/wp\/v2\/product_cat?post=8215"},{"taxonomy":"product_tag","embeddable":true,"href":"https:\/\/libreriahistoriasdebolsillo.com\/index.php\/wp-json\/wp\/v2\/product_tag?post=8215"}],"curies":[{"name":"wp","href":"https:\/\/api.w.org\/{rel}","templated":true}]}}