{"id":8220,"date":"2026-04-20T16:37:49","date_gmt":"2026-04-20T22:37:49","guid":{"rendered":"https:\/\/libreriahistoriasdebolsillo.com\/?post_type=product&#038;p=8220"},"modified":"2026-04-20T16:37:49","modified_gmt":"2026-04-20T22:37:49","slug":"mientras-siga-latiendo","status":"publish","type":"product","link":"https:\/\/libreriahistoriasdebolsillo.com\/index.php\/producto\/mientras-siga-latiendo\/","title":{"rendered":"Mientras siga latiendo"},"content":{"rendered":"<p>\u201c\u2014Sigue latiendo \u2014susurra. Sus palabras son como un beso suave en mis labios\u2014. Mientras Siga latiendo, estar\u00e1s bien\u201d.<\/p>\n<p>Una resaca y una caminata de la verg\u00fcenza: eso es lo que Cora Lawson esperaba que ocurriera despu\u00e9s de la fiesta de cumplea\u00f1os de su hermana. Lo que no esperaba era que le robaran la cartera, que se quedara sola y que dependiera de Dean Asher, su archienemigo y, casualmente, el prometido de su hermana.<\/p>\n<p>Pero lo que nunca se hubiera imaginado era que quedar\u00eda inconsciente y despertar\u00eda encadenada en el s\u00f3tano de un loco con Dean atado a su lado.<\/p>\n<p>Ellos, que siempre fueron enemigos ac\u00e9rrimos, ahora deben trabajar juntos si quieren escapar de este horror. Sin embargo, su secuestrador tiene un plan para ellos que los unir\u00e1 aun cuando logren liberarse de las cadenas.<\/p>\n<p>Est\u00e1n juntos en esto. Mientras siga latiendo.<\/p>\n","protected":false},"excerpt":{"rendered":"<p>Jennifer Hartmann<br \/>\n440 p\u00e1ginas<\/p>\n","protected":false},"featured_media":8221,"template":"","meta":{"_joinchat":[]},"product_brand":[],"product_cat":[63,70],"product_tag":[48],"class_list":{"0":"post-8220","1":"product","2":"type-product","3":"status-publish","4":"has-post-thumbnail","6":"product_cat-dark-romance","7":"product_cat-novedades","8":"product_tag-vr-editoras","10":"first","11":"instock","12":"shipping-taxable","13":"purchasable","14":"product-type-simple"},"_links":{"self":[{"href":"https:\/\/libreriahistoriasdebolsillo.com\/index.php\/wp-json\/wp\/v2\/product\/8220","targetHints":{"allow":["GET"]}}],"collection":[{"href":"https:\/\/libreriahistoriasdebolsillo.com\/index.php\/wp-json\/wp\/v2\/product"}],"about":[{"href":"https:\/\/libreriahistoriasdebolsillo.com\/index.php\/wp-json\/wp\/v2\/types\/product"}],"wp:featuredmedia":[{"embeddable":true,"href":"https:\/\/libreriahistoriasdebolsillo.com\/index.php\/wp-json\/wp\/v2\/media\/8221"}],"wp:attachment":[{"href":"https:\/\/libreriahistoriasdebolsillo.com\/index.php\/wp-json\/wp\/v2\/media?parent=8220"}],"wp:term":[{"taxonomy":"product_brand","embeddable":true,"href":"https:\/\/libreriahistoriasdebolsillo.com\/index.php\/wp-json\/wp\/v2\/product_brand?post=8220"},{"taxonomy":"product_cat","embeddable":true,"href":"https:\/\/libreriahistoriasdebolsillo.com\/index.php\/wp-json\/wp\/v2\/product_cat?post=8220"},{"taxonomy":"product_tag","embeddable":true,"href":"https:\/\/libreriahistoriasdebolsillo.com\/index.php\/wp-json\/wp\/v2\/product_tag?post=8220"}],"curies":[{"name":"wp","href":"https:\/\/api.w.org\/{rel}","templated":true}]}}