{"id":8222,"date":"2026-04-20T16:43:46","date_gmt":"2026-04-20T22:43:46","guid":{"rendered":"https:\/\/libreriahistoriasdebolsillo.com\/?post_type=product&#038;p=8222"},"modified":"2026-04-20T16:43:46","modified_gmt":"2026-04-20T22:43:46","slug":"el-verdugo","status":"publish","type":"product","link":"https:\/\/libreriahistoriasdebolsillo.com\/index.php\/producto\/el-verdugo\/","title":{"rendered":"El verdugo"},"content":{"rendered":"<p>Un amor puede nacer en las sombras y arder m\u00e1s que el fuego. Cuando descubro que mi marido me ha enga\u00f1ado, despu\u00e9s de tres a\u00f1os de matrimonio, ni siquiera tiene el valor de dec\u00edrmelo. Es su amante quien me lo confiesa. Me marcho de casa, consigo un nuevo apartamento, un trabajo de camarera&#8230; e intento recomponer mi coraz\u00f3n roto. Me pregunto cu\u00e1ndo empez\u00f3 a romperse todo, si fui ciega, si no fui suficiente. Una noche, mientras trabajo, entra en el bar el hombre m\u00e1s atractivo que he visto jam\u00e1s. Se sienta frente a m\u00ed&#8230; y algo estalla entre los dos. Un segundo antes estaba hundida; al siguiente, al sostener su mirada, olvido el desastre en el que se ha convertido mi vida. Lo invito a casa y paso con \u00e9l la noche m\u00e1s ardiente de la historia. No espero volver a verlo. Solo lo quiero para olvidar; algo f\u00e1cil, sin ataduras. Pero \u00e9l me quiere para \u00e9l. Toda para \u00e9l. Pronto descubro la verdad: \u00e9l es el Verdugo. El capo de capos. El se\u00f1or del crimen que domina Par\u00eds y obliga a todos a seguir sus reglas&#8230; o pagar el precio. Y ahora soy suya.<\/p>\n","protected":false},"excerpt":{"rendered":"<p>Penelope Sky<br \/>\n288 p\u00e1ginas<\/p>\n","protected":false},"featured_media":8223,"template":"","meta":{"_joinchat":[]},"product_brand":[],"product_cat":[63,70],"product_tag":[48],"class_list":{"0":"post-8222","1":"product","2":"type-product","3":"status-publish","4":"has-post-thumbnail","6":"product_cat-dark-romance","7":"product_cat-novedades","8":"product_tag-vr-editoras","10":"first","11":"instock","12":"shipping-taxable","13":"purchasable","14":"product-type-simple"},"_links":{"self":[{"href":"https:\/\/libreriahistoriasdebolsillo.com\/index.php\/wp-json\/wp\/v2\/product\/8222","targetHints":{"allow":["GET"]}}],"collection":[{"href":"https:\/\/libreriahistoriasdebolsillo.com\/index.php\/wp-json\/wp\/v2\/product"}],"about":[{"href":"https:\/\/libreriahistoriasdebolsillo.com\/index.php\/wp-json\/wp\/v2\/types\/product"}],"wp:featuredmedia":[{"embeddable":true,"href":"https:\/\/libreriahistoriasdebolsillo.com\/index.php\/wp-json\/wp\/v2\/media\/8223"}],"wp:attachment":[{"href":"https:\/\/libreriahistoriasdebolsillo.com\/index.php\/wp-json\/wp\/v2\/media?parent=8222"}],"wp:term":[{"taxonomy":"product_brand","embeddable":true,"href":"https:\/\/libreriahistoriasdebolsillo.com\/index.php\/wp-json\/wp\/v2\/product_brand?post=8222"},{"taxonomy":"product_cat","embeddable":true,"href":"https:\/\/libreriahistoriasdebolsillo.com\/index.php\/wp-json\/wp\/v2\/product_cat?post=8222"},{"taxonomy":"product_tag","embeddable":true,"href":"https:\/\/libreriahistoriasdebolsillo.com\/index.php\/wp-json\/wp\/v2\/product_tag?post=8222"}],"curies":[{"name":"wp","href":"https:\/\/api.w.org\/{rel}","templated":true}]}}