{"id":8224,"date":"2026-04-20T16:45:33","date_gmt":"2026-04-20T22:45:33","guid":{"rendered":"https:\/\/libreriahistoriasdebolsillo.com\/?post_type=product&#038;p=8224"},"modified":"2026-04-20T16:45:33","modified_gmt":"2026-04-20T22:45:33","slug":"emperatrices-de-roma","status":"publish","type":"product","link":"https:\/\/libreriahistoriasdebolsillo.com\/index.php\/producto\/emperatrices-de-roma\/","title":{"rendered":"Emperatrices de Roma"},"content":{"rendered":"<p>Descubre el poder y la influencia de tres mujeres extraordinarias que desafiaron las convenciones de su tiempo y marcaron el destino del Imperio romano. Livia, Julia Domna y Gala Placidia son tres mujeres excepcionales en la historia de Roma. Livia, esposa del emperador Augusto, fue su consejera m\u00e1s cercana e influy\u00f3 en decisiones cruciales, facilitando la sucesi\u00f3n de su hijo Tiberio. Julia Domna, esposa de Septimio Severo, destac\u00f3 por su vasta cultura y carisma, influyendo en la administraci\u00f3n del poder y promoviendo un renacimiento cultural en el Imperio. Gala Placidia, hija de Teodosio I, vivi\u00f3 durante las invasiones b\u00e1rbaras, primera como reina de los visigodos y luego esposa como del emperador Constancio III. Como regente de su hijo Valentiniano III, gobern\u00f3 con astucia, manteniendo la unidad del imperio. Estas temperatrices simbolizan diferentes etapas de la historia romana y demuestran que las mujeres desempe\u00f1aron un papel pol\u00edtico decisivo en el destino de Roma.<\/p>\n","protected":false},"excerpt":{"rendered":"<p>416 p\u00e1ginas<\/p>\n","protected":false},"featured_media":8225,"template":"","meta":{"_joinchat":[]},"product_brand":[],"product_cat":[56],"product_tag":[48],"class_list":{"0":"post-8224","1":"product","2":"type-product","3":"status-publish","4":"has-post-thumbnail","6":"product_cat-historica","7":"product_tag-vr-editoras","9":"first","10":"instock","11":"shipping-taxable","12":"purchasable","13":"product-type-simple"},"_links":{"self":[{"href":"https:\/\/libreriahistoriasdebolsillo.com\/index.php\/wp-json\/wp\/v2\/product\/8224","targetHints":{"allow":["GET"]}}],"collection":[{"href":"https:\/\/libreriahistoriasdebolsillo.com\/index.php\/wp-json\/wp\/v2\/product"}],"about":[{"href":"https:\/\/libreriahistoriasdebolsillo.com\/index.php\/wp-json\/wp\/v2\/types\/product"}],"wp:featuredmedia":[{"embeddable":true,"href":"https:\/\/libreriahistoriasdebolsillo.com\/index.php\/wp-json\/wp\/v2\/media\/8225"}],"wp:attachment":[{"href":"https:\/\/libreriahistoriasdebolsillo.com\/index.php\/wp-json\/wp\/v2\/media?parent=8224"}],"wp:term":[{"taxonomy":"product_brand","embeddable":true,"href":"https:\/\/libreriahistoriasdebolsillo.com\/index.php\/wp-json\/wp\/v2\/product_brand?post=8224"},{"taxonomy":"product_cat","embeddable":true,"href":"https:\/\/libreriahistoriasdebolsillo.com\/index.php\/wp-json\/wp\/v2\/product_cat?post=8224"},{"taxonomy":"product_tag","embeddable":true,"href":"https:\/\/libreriahistoriasdebolsillo.com\/index.php\/wp-json\/wp\/v2\/product_tag?post=8224"}],"curies":[{"name":"wp","href":"https:\/\/api.w.org\/{rel}","templated":true}]}}