{"id":8226,"date":"2026-04-20T16:49:07","date_gmt":"2026-04-20T22:49:07","guid":{"rendered":"https:\/\/libreriahistoriasdebolsillo.com\/?post_type=product&#038;p=8226"},"modified":"2026-04-20T16:49:07","modified_gmt":"2026-04-20T22:49:07","slug":"genios-de-la-quimica","status":"publish","type":"product","link":"https:\/\/libreriahistoriasdebolsillo.com\/index.php\/producto\/genios-de-la-quimica\/","title":{"rendered":"Genios de la qu\u00edmica"},"content":{"rendered":"<p>LO QUE HOY ENTENDEMOS POR QU\u00cdMICA SE DEBE EN GRAN MEDIDA A LOS DESCUBRIMIENTOS DE ROBERT BOYLE, ANTOINE LAVOISIER Y MARIE CURIE. Una historia divulgativa y rigurosa, que recorre tres siglos de avances en la historia de la qu\u00edmica, a trav\u00e9s de la vida y la obra de tres figuras eminentes. Las dos transformaciones m\u00e1s profundas de la historia de la ciencia fueron la de la Astrolog\u00eda en Astronom\u00eda y la de la Alquimia en Qu\u00edmica. La primera nos llev\u00f3 al universo a gran escala y la segunda a lo m\u00e1s \u00edntimo de la materia. Robert Boyle (1627-1691) fue un excelente alquimista, pero su esp\u00edritu cr\u00edtico lo llev\u00f3 a convertirse en el primer qu\u00edmico moderno. En el siglo siguiente, los trabajos de Antoine Lavoisier (1743-1794) supusieron una transformaci\u00f3n radical en esta nueva rama de la ciencia, que pas\u00f3 de un enfoque cualitativo otro a m\u00e1s cuantitativo. La \u00faltima protagonista de este libro es la persona \u00fanica que ha obtenido dos premios Nobel: Marie Curie, cuyo descubrimiento de la radiactividad encauz\u00f3 la ciencia hacia derroteros insospechados. Las vidas de estos tres genios son tan apasionantes como sus logros cient\u00edficos.<\/p>\n","protected":false},"excerpt":{"rendered":"<p>552 p\u00e1ginas<\/p>\n","protected":false},"featured_media":8227,"template":"","meta":{"_joinchat":[]},"product_brand":[],"product_cat":[60,41],"product_tag":[],"class_list":{"0":"post-8226","1":"product","2":"type-product","3":"status-publish","4":"has-post-thumbnail","6":"product_cat-ciencia","7":"product_cat-desarrollo-humano","9":"first","10":"instock","11":"shipping-taxable","12":"purchasable","13":"product-type-simple"},"_links":{"self":[{"href":"https:\/\/libreriahistoriasdebolsillo.com\/index.php\/wp-json\/wp\/v2\/product\/8226","targetHints":{"allow":["GET"]}}],"collection":[{"href":"https:\/\/libreriahistoriasdebolsillo.com\/index.php\/wp-json\/wp\/v2\/product"}],"about":[{"href":"https:\/\/libreriahistoriasdebolsillo.com\/index.php\/wp-json\/wp\/v2\/types\/product"}],"wp:featuredmedia":[{"embeddable":true,"href":"https:\/\/libreriahistoriasdebolsillo.com\/index.php\/wp-json\/wp\/v2\/media\/8227"}],"wp:attachment":[{"href":"https:\/\/libreriahistoriasdebolsillo.com\/index.php\/wp-json\/wp\/v2\/media?parent=8226"}],"wp:term":[{"taxonomy":"product_brand","embeddable":true,"href":"https:\/\/libreriahistoriasdebolsillo.com\/index.php\/wp-json\/wp\/v2\/product_brand?post=8226"},{"taxonomy":"product_cat","embeddable":true,"href":"https:\/\/libreriahistoriasdebolsillo.com\/index.php\/wp-json\/wp\/v2\/product_cat?post=8226"},{"taxonomy":"product_tag","embeddable":true,"href":"https:\/\/libreriahistoriasdebolsillo.com\/index.php\/wp-json\/wp\/v2\/product_tag?post=8226"}],"curies":[{"name":"wp","href":"https:\/\/api.w.org\/{rel}","templated":true}]}}