{"id":8228,"date":"2026-04-20T16:52:56","date_gmt":"2026-04-20T22:52:56","guid":{"rendered":"https:\/\/libreriahistoriasdebolsillo.com\/?post_type=product&#038;p=8228"},"modified":"2026-04-20T16:52:57","modified_gmt":"2026-04-20T22:52:57","slug":"alejandro-en-el-fin-del-mundo","status":"publish","type":"product","link":"https:\/\/libreriahistoriasdebolsillo.com\/index.php\/producto\/alejandro-en-el-fin-del-mundo\/","title":{"rendered":"Alejandro en el fin del mundo"},"content":{"rendered":"<p>Hace veintitr\u00e9s siglos vivi\u00f3 un muchacho que recibi\u00f3 una herencia formidable de su padre asesinado: el trono de Macedonia, la hegemon\u00eda sobre Grecia y el primer ej\u00e9rcito profesional de la Antig\u00fcedad. Con apenas veintid\u00f3s a\u00f1os dej\u00f3 su tierra y a su madre para no volver a verlas jam\u00e1s, impulsado por la ambici\u00f3n de apoderarse del mayor imperio del mundo, Persia. Durante once a\u00f1os de guerra vivi\u00f3 en el peligro y el combate constantes, luch\u00f3 en desiertos abrasadores y en monta\u00f1as nevadas, y a los treinta y tres era el mayor conquistador que conocido ha la historia, emperador de dominios tan vastos como jam\u00e1s se hab\u00edan visto. Hab\u00eda recorrido m\u00e1s de 20.000 kil\u00f3metros y planeaba continuar hasta el fin del mundo. \u00bfC\u00f3mo ser\u00eda la realidad real si hubiera conseguido su sue\u00f1o? Solo podemos imaginarlo, pero veintitr\u00e9s siglos despu\u00e9s de sus haza\u00f1as todav\u00eda nos asombran.<\/p>\n","protected":false},"excerpt":{"rendered":"<p>560 p\u00e1ginas<\/p>\n","protected":false},"featured_media":8229,"template":"","meta":{"_joinchat":[]},"product_brand":[],"product_cat":[56,41],"product_tag":[48],"class_list":{"0":"post-8228","1":"product","2":"type-product","3":"status-publish","4":"has-post-thumbnail","6":"product_cat-historica","7":"product_cat-desarrollo-humano","8":"product_tag-vr-editoras","10":"first","11":"instock","12":"shipping-taxable","13":"purchasable","14":"product-type-simple"},"_links":{"self":[{"href":"https:\/\/libreriahistoriasdebolsillo.com\/index.php\/wp-json\/wp\/v2\/product\/8228","targetHints":{"allow":["GET"]}}],"collection":[{"href":"https:\/\/libreriahistoriasdebolsillo.com\/index.php\/wp-json\/wp\/v2\/product"}],"about":[{"href":"https:\/\/libreriahistoriasdebolsillo.com\/index.php\/wp-json\/wp\/v2\/types\/product"}],"wp:featuredmedia":[{"embeddable":true,"href":"https:\/\/libreriahistoriasdebolsillo.com\/index.php\/wp-json\/wp\/v2\/media\/8229"}],"wp:attachment":[{"href":"https:\/\/libreriahistoriasdebolsillo.com\/index.php\/wp-json\/wp\/v2\/media?parent=8228"}],"wp:term":[{"taxonomy":"product_brand","embeddable":true,"href":"https:\/\/libreriahistoriasdebolsillo.com\/index.php\/wp-json\/wp\/v2\/product_brand?post=8228"},{"taxonomy":"product_cat","embeddable":true,"href":"https:\/\/libreriahistoriasdebolsillo.com\/index.php\/wp-json\/wp\/v2\/product_cat?post=8228"},{"taxonomy":"product_tag","embeddable":true,"href":"https:\/\/libreriahistoriasdebolsillo.com\/index.php\/wp-json\/wp\/v2\/product_tag?post=8228"}],"curies":[{"name":"wp","href":"https:\/\/api.w.org\/{rel}","templated":true}]}}