{"id":8230,"date":"2026-04-20T16:54:31","date_gmt":"2026-04-20T22:54:31","guid":{"rendered":"https:\/\/libreriahistoriasdebolsillo.com\/?post_type=product&#038;p=8230"},"modified":"2026-04-20T16:54:31","modified_gmt":"2026-04-20T22:54:31","slug":"la-revolucion-de-los-atomos","status":"publish","type":"product","link":"https:\/\/libreriahistoriasdebolsillo.com\/index.php\/producto\/la-revolucion-de-los-atomos\/","title":{"rendered":"La revoluci\u00f3n de los \u00e1tomos"},"content":{"rendered":"<p>Leucipo de Mileto formul\u00f3 la hip\u00f3tesis de los \u00e1tomos en el siglo V a. C. John Dalton prob\u00f3 la existencia de estos fuera de toda duda razonable a principios del siglo XIX. No ha habido intuici\u00f3n m\u00e1s poderosa y decisiva para el devenir de la humanidad que haya permanecido latente tanto tiempo a lo largo de la historia. En este libro se presenta la eclosi\u00f3n de los \u00e1tomos como pilares de la materia de la mano de los cuatro personajes que la protagonizaron m\u00e1s decisivamente. Dalton lleg\u00f3 hasta ellos fundamentalmente pesando la materia con un esmero y precisi\u00f3n jam\u00e1s alcanzados. Ernest Rutherford descubri\u00f3 el n\u00facleo de aquellos \u00e1tomos. Niels Bohr le aplic\u00f3 la incipiente mec\u00e1nica cu\u00e1ntica al ver que la f\u00edsica cl\u00e1sica no pod\u00eda describirlos. Y, finalmente, Wolfgang Pauli formul\u00f3 el principio fundamental por el que aquella bella arquitectura era estable. El lector disfrutar\u00e1 de la variedad de caracteres humanos de los cuatro personajes que sentaron las bases del mayor viraje de la evoluci\u00f3n de la humanidad.<\/p>\n","protected":false},"excerpt":{"rendered":"<p>576 p\u00e1ginas<\/p>\n","protected":false},"featured_media":8231,"template":"","meta":{"_joinchat":[]},"product_brand":[],"product_cat":[60,41],"product_tag":[48],"class_list":{"0":"post-8230","1":"product","2":"type-product","3":"status-publish","4":"has-post-thumbnail","6":"product_cat-ciencia","7":"product_cat-desarrollo-humano","8":"product_tag-vr-editoras","10":"first","11":"instock","12":"shipping-taxable","13":"purchasable","14":"product-type-simple"},"_links":{"self":[{"href":"https:\/\/libreriahistoriasdebolsillo.com\/index.php\/wp-json\/wp\/v2\/product\/8230","targetHints":{"allow":["GET"]}}],"collection":[{"href":"https:\/\/libreriahistoriasdebolsillo.com\/index.php\/wp-json\/wp\/v2\/product"}],"about":[{"href":"https:\/\/libreriahistoriasdebolsillo.com\/index.php\/wp-json\/wp\/v2\/types\/product"}],"wp:featuredmedia":[{"embeddable":true,"href":"https:\/\/libreriahistoriasdebolsillo.com\/index.php\/wp-json\/wp\/v2\/media\/8231"}],"wp:attachment":[{"href":"https:\/\/libreriahistoriasdebolsillo.com\/index.php\/wp-json\/wp\/v2\/media?parent=8230"}],"wp:term":[{"taxonomy":"product_brand","embeddable":true,"href":"https:\/\/libreriahistoriasdebolsillo.com\/index.php\/wp-json\/wp\/v2\/product_brand?post=8230"},{"taxonomy":"product_cat","embeddable":true,"href":"https:\/\/libreriahistoriasdebolsillo.com\/index.php\/wp-json\/wp\/v2\/product_cat?post=8230"},{"taxonomy":"product_tag","embeddable":true,"href":"https:\/\/libreriahistoriasdebolsillo.com\/index.php\/wp-json\/wp\/v2\/product_tag?post=8230"}],"curies":[{"name":"wp","href":"https:\/\/api.w.org\/{rel}","templated":true}]}}