{"id":8232,"date":"2026-04-20T16:56:12","date_gmt":"2026-04-20T22:56:12","guid":{"rendered":"https:\/\/libreriahistoriasdebolsillo.com\/?post_type=product&#038;p=8232"},"modified":"2026-04-20T16:56:12","modified_gmt":"2026-04-20T22:56:12","slug":"la-nueva-guerra-fria","status":"publish","type":"product","link":"https:\/\/libreriahistoriasdebolsillo.com\/index.php\/producto\/la-nueva-guerra-fria\/","title":{"rendered":"La nueva guerra fr\u00eda"},"content":{"rendered":"<p>LA DISPUTA ENTRE ESTADOS UNIDOS Y CHINA ES UNA REALIDAD INSALVABLE QUE AFECTA AL MUNDO ENTERO. \u00abUn libro esclarecedor tanto para el ciudadano como para quienes se dedican a la pol\u00edtica\u00bb. Hillary Clinton \u00abUn relato importante y claro sobre la geopol\u00edtica contempor\u00e1nea. Una lectura esencial\u00bb. Peter Frankopan \u00abUna gu\u00eda excelente: concisa, informada y repleta de valiosos conocimientos\u00bb. Lawrence Freedman Estamos presenciando sus comienzos, pero esta nueva Guerra Fr\u00eda no se parece en nada al conflicto entre la Uni\u00f3n Sovi\u00e9tica y Occidente que defini\u00f3 la segunda mitad del siglo XX. Es por eso que necesitamos nuevas ideas para sortear sus riesgos y evitar una guerra con un potencial devastador. En este libro urgente y necesario, Robin Niblett sostiene que solo mirando hacia atr\u00e1s podremos extraer las lecciones que nos guiar\u00e1n a trav\u00e9s de esta nueva realidad. En sus p\u00e1ginas recorre las diez particularidades de esta nueva Guerra Fr\u00eda y ofrece cinco f\u00f3rmulas para navegar su inicio. La forma en que se gestione esta tienda determinar\u00e1 la supervivencia de la cooperaci\u00f3n internacional, el resultado de la emergencia clim\u00e1tica y de la revoluci\u00f3n tecnol\u00f3gica y, por supuesto, qui\u00e9n liderar\u00e1 el siglo XXI y modelo de gobierno determinar\u00e1 todos nuestros futuros.<\/p>\n","protected":false},"excerpt":{"rendered":"<p>Robin Niblett<br \/>\n256 p\u00e1ginas<\/p>\n","protected":false},"featured_media":8233,"template":"","meta":{"_joinchat":[]},"product_brand":[],"product_cat":[41],"product_tag":[48],"class_list":{"0":"post-8232","1":"product","2":"type-product","3":"status-publish","4":"has-post-thumbnail","6":"product_cat-desarrollo-humano","7":"product_tag-vr-editoras","9":"first","10":"instock","11":"shipping-taxable","12":"purchasable","13":"product-type-simple"},"_links":{"self":[{"href":"https:\/\/libreriahistoriasdebolsillo.com\/index.php\/wp-json\/wp\/v2\/product\/8232","targetHints":{"allow":["GET"]}}],"collection":[{"href":"https:\/\/libreriahistoriasdebolsillo.com\/index.php\/wp-json\/wp\/v2\/product"}],"about":[{"href":"https:\/\/libreriahistoriasdebolsillo.com\/index.php\/wp-json\/wp\/v2\/types\/product"}],"wp:featuredmedia":[{"embeddable":true,"href":"https:\/\/libreriahistoriasdebolsillo.com\/index.php\/wp-json\/wp\/v2\/media\/8233"}],"wp:attachment":[{"href":"https:\/\/libreriahistoriasdebolsillo.com\/index.php\/wp-json\/wp\/v2\/media?parent=8232"}],"wp:term":[{"taxonomy":"product_brand","embeddable":true,"href":"https:\/\/libreriahistoriasdebolsillo.com\/index.php\/wp-json\/wp\/v2\/product_brand?post=8232"},{"taxonomy":"product_cat","embeddable":true,"href":"https:\/\/libreriahistoriasdebolsillo.com\/index.php\/wp-json\/wp\/v2\/product_cat?post=8232"},{"taxonomy":"product_tag","embeddable":true,"href":"https:\/\/libreriahistoriasdebolsillo.com\/index.php\/wp-json\/wp\/v2\/product_tag?post=8232"}],"curies":[{"name":"wp","href":"https:\/\/api.w.org\/{rel}","templated":true}]}}