{"id":8234,"date":"2026-04-20T17:08:18","date_gmt":"2026-04-20T23:08:18","guid":{"rendered":"https:\/\/libreriahistoriasdebolsillo.com\/?post_type=product&#038;p=8234"},"modified":"2026-04-20T17:08:18","modified_gmt":"2026-04-20T23:08:18","slug":"la-princesa-y-el-sandwich-de-queso-ed-tapa-dura-y-cantos-pintados","status":"publish","type":"product","link":"https:\/\/libreriahistoriasdebolsillo.com\/index.php\/producto\/la-princesa-y-el-sandwich-de-queso-ed-tapa-dura-y-cantos-pintados\/","title":{"rendered":"La princesa y el sandwich de queso (Ed. tapa dura y cantos pintados)"},"content":{"rendered":"<p>Lo \u00faltimo que quiere lady Camembert es casarse. Bueno, casarse con un hombre. Pero la ley es la ley, y la fortuna familiar no puede ser heredada por una chica. As\u00ed que cuando su padre muere, a Cam no le queda m\u00e1s alternativa que hacerse pasar por un hombre y mudarse a la capital para empezar de nuevo como un modesto conde. Sin embargo, \u00a1qu\u00e9 dif\u00edcil es mantener un perfil bajo y vivir en las sombras cuando la hermosa, inteligente y feroz princesa Brie le ha echado el ojo! Cam no puede resistirse a su compa\u00f1\u00eda, pero cu\u00e1nto m\u00e1s se acercan, m\u00e1s peligro corre su secreto. \u00bfQu\u00e9 ocurrir\u00e1 si la descubre? \u00bfPodr\u00e1n las leyes del coraz\u00f3n vencer sobre las del reino? DEVORARAS ESTA DELICIOSA NOVELA GR\u00c1FICA SOBRE AMOR VERDADERO Y S\u00c1NDWICHES DE QUESO.<\/p>\n","protected":false},"excerpt":{"rendered":"<p>Deya Muniz<br \/>\n256 p\u00e1ginas<\/p>\n","protected":false},"featured_media":8235,"template":"","meta":{"_joinchat":[]},"product_brand":[],"product_cat":[52,38,70],"product_tag":[48],"class_list":{"0":"post-8234","1":"product","2":"type-product","3":"status-publish","4":"has-post-thumbnail","6":"product_cat-juvenil","7":"product_cat-lgbtq","8":"product_cat-novedades","9":"product_tag-vr-editoras","11":"first","12":"instock","13":"shipping-taxable","14":"purchasable","15":"product-type-simple"},"_links":{"self":[{"href":"https:\/\/libreriahistoriasdebolsillo.com\/index.php\/wp-json\/wp\/v2\/product\/8234","targetHints":{"allow":["GET"]}}],"collection":[{"href":"https:\/\/libreriahistoriasdebolsillo.com\/index.php\/wp-json\/wp\/v2\/product"}],"about":[{"href":"https:\/\/libreriahistoriasdebolsillo.com\/index.php\/wp-json\/wp\/v2\/types\/product"}],"wp:featuredmedia":[{"embeddable":true,"href":"https:\/\/libreriahistoriasdebolsillo.com\/index.php\/wp-json\/wp\/v2\/media\/8235"}],"wp:attachment":[{"href":"https:\/\/libreriahistoriasdebolsillo.com\/index.php\/wp-json\/wp\/v2\/media?parent=8234"}],"wp:term":[{"taxonomy":"product_brand","embeddable":true,"href":"https:\/\/libreriahistoriasdebolsillo.com\/index.php\/wp-json\/wp\/v2\/product_brand?post=8234"},{"taxonomy":"product_cat","embeddable":true,"href":"https:\/\/libreriahistoriasdebolsillo.com\/index.php\/wp-json\/wp\/v2\/product_cat?post=8234"},{"taxonomy":"product_tag","embeddable":true,"href":"https:\/\/libreriahistoriasdebolsillo.com\/index.php\/wp-json\/wp\/v2\/product_tag?post=8234"}],"curies":[{"name":"wp","href":"https:\/\/api.w.org\/{rel}","templated":true}]}}