{"id":8236,"date":"2026-04-20T17:11:43","date_gmt":"2026-04-20T23:11:43","guid":{"rendered":"https:\/\/libreriahistoriasdebolsillo.com\/?post_type=product&#038;p=8236"},"modified":"2026-04-20T17:11:43","modified_gmt":"2026-04-20T23:11:43","slug":"aqui-por-un-instante","status":"publish","type":"product","link":"https:\/\/libreriahistoriasdebolsillo.com\/index.php\/producto\/aqui-por-un-instante\/","title":{"rendered":"Aqu\u00ed por un instante"},"content":{"rendered":"<p>\u00bfQU\u00c9 HAR\u00cdAS SI ALGUIA TE DIJERA QU\u00c9 D\u00cdA VAS A MORIR?<br \/>\nEn un vuelo camino a S\u00eddney repleto de gente, de pronto una mujer empieza a hacer predicciones sobre la causa y la edad de la muerte de los pasajeros a bordo. Algunos son encantados al enterarse de que tienen por delante una larga vida y que morir\u00e1n por causas naturales bien entrados en la vejez, pero otros, a quienes la suerte no les sonr\u00ede tanto, comienzan a inquietarse al recibir la informaci\u00f3n de que su muerte es pronto. Sea cual sea la situaci\u00f3n, lo que no cabe duda es que la vida de todos ellos cambiar\u00e1 para siempre. \u00bfQui\u00e9n es esta mujer? \u00bfSer\u00e1n ciertas sus predicciones? \u00bfQu\u00e9 hacer si recibimos esta informaci\u00f3n? Sin duda, estamos ante una novela que nos hace reflexionar sobre el amor, la familia y c\u00f3mo aprovechar todo lo que la vida puede ofrecernos. De la autora de Big Little Lies y El secreto de mi marido<\/p>\n","protected":false},"excerpt":{"rendered":"<p>Liane Moriarty<br \/>\n608 p\u00e1ginas<\/p>\n","protected":false},"featured_media":8237,"template":"","meta":{"_joinchat":[]},"product_brand":[],"product_cat":[37,70],"product_tag":[48],"class_list":{"0":"post-8236","1":"product","2":"type-product","3":"status-publish","4":"has-post-thumbnail","6":"product_cat-misterio-y-thriller","7":"product_cat-novedades","8":"product_tag-vr-editoras","10":"first","11":"instock","12":"shipping-taxable","13":"purchasable","14":"product-type-simple"},"_links":{"self":[{"href":"https:\/\/libreriahistoriasdebolsillo.com\/index.php\/wp-json\/wp\/v2\/product\/8236","targetHints":{"allow":["GET"]}}],"collection":[{"href":"https:\/\/libreriahistoriasdebolsillo.com\/index.php\/wp-json\/wp\/v2\/product"}],"about":[{"href":"https:\/\/libreriahistoriasdebolsillo.com\/index.php\/wp-json\/wp\/v2\/types\/product"}],"wp:featuredmedia":[{"embeddable":true,"href":"https:\/\/libreriahistoriasdebolsillo.com\/index.php\/wp-json\/wp\/v2\/media\/8237"}],"wp:attachment":[{"href":"https:\/\/libreriahistoriasdebolsillo.com\/index.php\/wp-json\/wp\/v2\/media?parent=8236"}],"wp:term":[{"taxonomy":"product_brand","embeddable":true,"href":"https:\/\/libreriahistoriasdebolsillo.com\/index.php\/wp-json\/wp\/v2\/product_brand?post=8236"},{"taxonomy":"product_cat","embeddable":true,"href":"https:\/\/libreriahistoriasdebolsillo.com\/index.php\/wp-json\/wp\/v2\/product_cat?post=8236"},{"taxonomy":"product_tag","embeddable":true,"href":"https:\/\/libreriahistoriasdebolsillo.com\/index.php\/wp-json\/wp\/v2\/product_tag?post=8236"}],"curies":[{"name":"wp","href":"https:\/\/api.w.org\/{rel}","templated":true}]}}