{"id":8240,"date":"2026-04-20T17:17:17","date_gmt":"2026-04-20T23:17:17","guid":{"rendered":"https:\/\/libreriahistoriasdebolsillo.com\/?post_type=product&#038;p=8240"},"modified":"2026-04-20T17:17:17","modified_gmt":"2026-04-20T23:17:17","slug":"julie-chan-esta-muerta","status":"publish","type":"product","link":"https:\/\/libreriahistoriasdebolsillo.com\/index.php\/producto\/julie-chan-esta-muerta\/","title":{"rendered":"Julie Chan est\u00e1 muerta"},"content":{"rendered":"<p>SU HERMANA LO TIENE TODO. SALVO PULSO\u2026 Julie ten\u00eda una mela. Separadas cuando tan solo eran unas ni\u00f1as, no volvi\u00f3 a saber nada de Chloe hasta el d\u00eda en que esta se present\u00f3 en su trabajo, en un reencuentro que acabar\u00eda subido en internet con millones de visualizaciones, para despu\u00e9s volver a desaparecer #emotivo. Julie no pretend\u00eda robar la identidad de su hermana. Tampoco su legi\u00f3n de seguidores, su dinero y su vida. Pero cuando Chloe aparece muerta y Julie intenta llamar a la polic\u00eda con su tel\u00e9fono, consigue el acceso a todo. La tentaci\u00f3n y el glamur de una vida que podr\u00eda haber sido la suya la deslumbra, y pronto su d\u00eda a d\u00eda consiste en ropa de marca, unboxings y relajantes retiros exclusivos para influencers. Pero ah\u00ed fuera, alguien sabe que incluso los gemelos id\u00e9nticos tienen diferencias, y la muerte de su hermana pudo no ser circunstancial. Con ecos a Amarilla de R.F. Kuang y Bunny de Mona Awad, llega el oscuro y retorcido debut de Liann Zhang. \u00bfHASTA D\u00d3NDE ESTAR\u00cdAS DISPUESTO A LLEGAR POR UNA VIDA QUE NO ES LA TUYA?<\/p>\n","protected":false},"excerpt":{"rendered":"<p>Liann Zhang<br \/>\n464 p\u00e1ginas<\/p>\n","protected":false},"featured_media":8241,"template":"","meta":{"_joinchat":[]},"product_brand":[],"product_cat":[37,70],"product_tag":[48],"class_list":{"0":"post-8240","1":"product","2":"type-product","3":"status-publish","4":"has-post-thumbnail","6":"product_cat-misterio-y-thriller","7":"product_cat-novedades","8":"product_tag-vr-editoras","10":"first","11":"instock","12":"shipping-taxable","13":"purchasable","14":"product-type-simple"},"_links":{"self":[{"href":"https:\/\/libreriahistoriasdebolsillo.com\/index.php\/wp-json\/wp\/v2\/product\/8240","targetHints":{"allow":["GET"]}}],"collection":[{"href":"https:\/\/libreriahistoriasdebolsillo.com\/index.php\/wp-json\/wp\/v2\/product"}],"about":[{"href":"https:\/\/libreriahistoriasdebolsillo.com\/index.php\/wp-json\/wp\/v2\/types\/product"}],"wp:featuredmedia":[{"embeddable":true,"href":"https:\/\/libreriahistoriasdebolsillo.com\/index.php\/wp-json\/wp\/v2\/media\/8241"}],"wp:attachment":[{"href":"https:\/\/libreriahistoriasdebolsillo.com\/index.php\/wp-json\/wp\/v2\/media?parent=8240"}],"wp:term":[{"taxonomy":"product_brand","embeddable":true,"href":"https:\/\/libreriahistoriasdebolsillo.com\/index.php\/wp-json\/wp\/v2\/product_brand?post=8240"},{"taxonomy":"product_cat","embeddable":true,"href":"https:\/\/libreriahistoriasdebolsillo.com\/index.php\/wp-json\/wp\/v2\/product_cat?post=8240"},{"taxonomy":"product_tag","embeddable":true,"href":"https:\/\/libreriahistoriasdebolsillo.com\/index.php\/wp-json\/wp\/v2\/product_tag?post=8240"}],"curies":[{"name":"wp","href":"https:\/\/api.w.org\/{rel}","templated":true}]}}