{"id":8242,"date":"2026-04-20T17:20:58","date_gmt":"2026-04-20T23:20:58","guid":{"rendered":"https:\/\/libreriahistoriasdebolsillo.com\/?post_type=product&#038;p=8242"},"modified":"2026-04-20T17:56:25","modified_gmt":"2026-04-20T23:56:25","slug":"leyendas-de-thezmarr-1-sangre-y-acero","status":"publish","type":"product","link":"https:\/\/libreriahistoriasdebolsillo.com\/index.php\/producto\/leyendas-de-thezmarr-1-sangre-y-acero\/","title":{"rendered":"Leyendas de Thezmarr 1. Sangre y acero"},"content":{"rendered":"<p>EL DESTINO EST\u00c1 ESCRITO. SU VOLUNTAD ES EL DESAF\u00cdO. En un tiempo donde las mujeres tienen prohibido blandir espadas, Althea Zoltaire lleva entrenando en secreto toda la vida. Con el presagio de su muerte, el tiempo corre en su contra: solo tiene tres a\u00f1os para hacer realidad su sue\u00f1o de convertirse en guerrera, aunque para ello deber\u00e1 desafiar las leyes y enfrentar al mundo para un regalo en la \u00e9lite encargada de la protecci\u00f3n de los cinco reinos. Pero las pruebas de los aspirantes rozan lo mortal y, sin embargo, el mayor peligro al que deber\u00e1 enfrentarse ser\u00e1 su atracci\u00f3n por Wilder Hawthorne, su reacio y mentor distante. \u00c9l, como los dem\u00e1s, no la quiere all\u00ed, y a su alrededor se tejen traiciones y se urden complots mientras una amenaza oscura se alza. Ad\u00e9ntrate en el universo de Las leyendas de Thezmarr, el romantasy \u00e9pico que enamorar\u00e1 a los fans de la saga De sangre y cenizas.<\/p>\n","protected":false},"excerpt":{"rendered":"<p>Helen Scheuerer<br \/>\n544 p\u00e1ginas<\/p>\n","protected":false},"featured_media":8246,"template":"","meta":{"_joinchat":[]},"product_brand":[],"product_cat":[70,76],"product_tag":[48],"class_list":{"0":"post-8242","1":"product","2":"type-product","3":"status-publish","4":"has-post-thumbnail","6":"product_cat-novedades","7":"product_cat-romantasy","8":"product_tag-vr-editoras","10":"first","11":"instock","12":"shipping-taxable","13":"purchasable","14":"product-type-simple"},"_links":{"self":[{"href":"https:\/\/libreriahistoriasdebolsillo.com\/index.php\/wp-json\/wp\/v2\/product\/8242","targetHints":{"allow":["GET"]}}],"collection":[{"href":"https:\/\/libreriahistoriasdebolsillo.com\/index.php\/wp-json\/wp\/v2\/product"}],"about":[{"href":"https:\/\/libreriahistoriasdebolsillo.com\/index.php\/wp-json\/wp\/v2\/types\/product"}],"wp:featuredmedia":[{"embeddable":true,"href":"https:\/\/libreriahistoriasdebolsillo.com\/index.php\/wp-json\/wp\/v2\/media\/8246"}],"wp:attachment":[{"href":"https:\/\/libreriahistoriasdebolsillo.com\/index.php\/wp-json\/wp\/v2\/media?parent=8242"}],"wp:term":[{"taxonomy":"product_brand","embeddable":true,"href":"https:\/\/libreriahistoriasdebolsillo.com\/index.php\/wp-json\/wp\/v2\/product_brand?post=8242"},{"taxonomy":"product_cat","embeddable":true,"href":"https:\/\/libreriahistoriasdebolsillo.com\/index.php\/wp-json\/wp\/v2\/product_cat?post=8242"},{"taxonomy":"product_tag","embeddable":true,"href":"https:\/\/libreriahistoriasdebolsillo.com\/index.php\/wp-json\/wp\/v2\/product_tag?post=8242"}],"curies":[{"name":"wp","href":"https:\/\/api.w.org\/{rel}","templated":true}]}}