{"id":8256,"date":"2026-04-24T16:39:55","date_gmt":"2026-04-24T22:39:55","guid":{"rendered":"https:\/\/libreriahistoriasdebolsillo.com\/?post_type=product&#038;p=8256"},"modified":"2026-04-24T16:39:55","modified_gmt":"2026-04-24T22:39:55","slug":"el-extranjero-2","status":"publish","type":"product","link":"https:\/\/libreriahistoriasdebolsillo.com\/index.php\/producto\/el-extranjero-2\/","title":{"rendered":"El extranjero"},"content":{"rendered":"<p>Un hombre pasivo y ajeno al mundo recibe la noticia del fallecimiento de su madre. Pero esto parece no afectarle. Su falta de inter\u00e9s por la vida y la muerte lo muestran como un ser extra\u00f1o y diferente a los dem\u00e1s. Sus d\u00edas transcurren entre curiosos personajes y rutinas hasta que comete un crimen sin motivo aparente. Lo que desencadenar\u00e1 un juicio y una serie de reflexiones en torno a la existencia, la responsabilidad y el sentido de la vida.<\/p>\n","protected":false},"excerpt":{"rendered":"<p>Albert Camus<br \/>\n128 p\u00e1ginas<\/p>\n","protected":false},"featured_media":8257,"template":"","meta":{"_joinchat":[]},"product_brand":[],"product_cat":[42,51],"product_tag":[48],"class_list":{"0":"post-8256","1":"product","2":"type-product","3":"status-publish","4":"has-post-thumbnail","6":"product_cat-literatura-clasica","7":"product_cat-oferta","8":"product_tag-vr-editoras","10":"first","11":"instock","12":"shipping-taxable","13":"purchasable","14":"product-type-simple"},"_links":{"self":[{"href":"https:\/\/libreriahistoriasdebolsillo.com\/index.php\/wp-json\/wp\/v2\/product\/8256","targetHints":{"allow":["GET"]}}],"collection":[{"href":"https:\/\/libreriahistoriasdebolsillo.com\/index.php\/wp-json\/wp\/v2\/product"}],"about":[{"href":"https:\/\/libreriahistoriasdebolsillo.com\/index.php\/wp-json\/wp\/v2\/types\/product"}],"wp:featuredmedia":[{"embeddable":true,"href":"https:\/\/libreriahistoriasdebolsillo.com\/index.php\/wp-json\/wp\/v2\/media\/8257"}],"wp:attachment":[{"href":"https:\/\/libreriahistoriasdebolsillo.com\/index.php\/wp-json\/wp\/v2\/media?parent=8256"}],"wp:term":[{"taxonomy":"product_brand","embeddable":true,"href":"https:\/\/libreriahistoriasdebolsillo.com\/index.php\/wp-json\/wp\/v2\/product_brand?post=8256"},{"taxonomy":"product_cat","embeddable":true,"href":"https:\/\/libreriahistoriasdebolsillo.com\/index.php\/wp-json\/wp\/v2\/product_cat?post=8256"},{"taxonomy":"product_tag","embeddable":true,"href":"https:\/\/libreriahistoriasdebolsillo.com\/index.php\/wp-json\/wp\/v2\/product_tag?post=8256"}],"curies":[{"name":"wp","href":"https:\/\/api.w.org\/{rel}","templated":true}]}}