{"id":8258,"date":"2026-05-05T11:00:58","date_gmt":"2026-05-05T17:00:58","guid":{"rendered":"https:\/\/libreriahistoriasdebolsillo.com\/?post_type=product&#038;p=8258"},"modified":"2026-05-13T15:26:28","modified_gmt":"2026-05-13T21:26:28","slug":"la-reina-que-fue-y-sera","status":"publish","type":"product","link":"https:\/\/libreriahistoriasdebolsillo.com\/index.php\/producto\/la-reina-que-fue-y-sera\/","title":{"rendered":"La reina que fue y ser\u00e1"},"content":{"rendered":"<div class=\"justify\">\n<p><b>Las leyendas no siempre cuentan toda la historia.<\/b><\/p>\n<\/div>\n<div class=\"justify\">\n<p>Tras la repentina muerte de su novio,\u00a0<b>Vera<\/b>\u00a0solo quiere una cosa:\u00a0<b>pasar desapercibida<\/b>.<\/p>\n<p>Pero, cuando un hu\u00e9sped enigm\u00e1tico que asegura llamarse Merl\u00edn se presenta en el hotel donde trabaja, toda su vida\u00a0<b>se rompe en mil pedazos<\/b>.<\/p>\n<p>Merl\u00edn insiste en que Vera es la\u00a0<b>legendaria reina Ginebra<\/b>, la \u00fanica capaz de salvar Camelot. Solo hay un problema: Vera no recuerda nada de su vida pasada.<\/p>\n<p><b>Mientras Merl\u00edn<\/b>\u00a0se apresura a despertar sus recuerdos, Vera se ve envuelta en uno trama de traiciones, ambici\u00f3n y amores rotos digna de las canciones de juglar&#8230; pero\u00a0<b>mucho m\u00e1s peligrosa<\/b>.<\/p>\n<p>\u00bfPor qu\u00e9 el rey Arturo parece repelido cada vez que Vera entra en la sala del trono?<\/p>\n<p>\u00bfQu\u00e9 ocurri\u00f3 realmente la noche en que\u00a0<b>cay\u00f3 la maldici\u00f3n<\/b>?<\/p>\n<p>En un reino atrapado entre mito y leyenda, Vera tendr\u00e1 que decidir qui\u00e9n ser y a qui\u00e9n amar.<\/p>\n<\/div>\n","protected":false},"excerpt":{"rendered":"<p>Paula Lafferty<br \/>\n496 p\u00e1ginas<\/p>\n","protected":false},"featured_media":8259,"template":"","meta":{"_joinchat":[]},"product_brand":[],"product_cat":[70,76],"product_tag":[34],"class_list":{"0":"post-8258","1":"product","2":"type-product","3":"status-publish","4":"has-post-thumbnail","6":"product_cat-novedades","7":"product_cat-romantasy","8":"product_tag-penguin-random-house","10":"first","11":"instock","12":"shipping-taxable","13":"purchasable","14":"product-type-simple"},"_links":{"self":[{"href":"https:\/\/libreriahistoriasdebolsillo.com\/index.php\/wp-json\/wp\/v2\/product\/8258","targetHints":{"allow":["GET"]}}],"collection":[{"href":"https:\/\/libreriahistoriasdebolsillo.com\/index.php\/wp-json\/wp\/v2\/product"}],"about":[{"href":"https:\/\/libreriahistoriasdebolsillo.com\/index.php\/wp-json\/wp\/v2\/types\/product"}],"wp:featuredmedia":[{"embeddable":true,"href":"https:\/\/libreriahistoriasdebolsillo.com\/index.php\/wp-json\/wp\/v2\/media\/8259"}],"wp:attachment":[{"href":"https:\/\/libreriahistoriasdebolsillo.com\/index.php\/wp-json\/wp\/v2\/media?parent=8258"}],"wp:term":[{"taxonomy":"product_brand","embeddable":true,"href":"https:\/\/libreriahistoriasdebolsillo.com\/index.php\/wp-json\/wp\/v2\/product_brand?post=8258"},{"taxonomy":"product_cat","embeddable":true,"href":"https:\/\/libreriahistoriasdebolsillo.com\/index.php\/wp-json\/wp\/v2\/product_cat?post=8258"},{"taxonomy":"product_tag","embeddable":true,"href":"https:\/\/libreriahistoriasdebolsillo.com\/index.php\/wp-json\/wp\/v2\/product_tag?post=8258"}],"curies":[{"name":"wp","href":"https:\/\/api.w.org\/{rel}","templated":true}]}}