{"id":826,"date":"2023-11-20T17:53:34","date_gmt":"2023-11-20T23:53:34","guid":{"rendered":"https:\/\/libreriahistoriasdebolsillo.com\/?post_type=product&#038;p=826"},"modified":"2026-01-22T16:10:59","modified_gmt":"2026-01-22T22:10:59","slug":"boulevard","status":"publish","type":"product","link":"https:\/\/libreriahistoriasdebolsillo.com\/index.php\/producto\/boulevard\/","title":{"rendered":"Boulevard 1"},"content":{"rendered":"<p>\u00bfQui\u00e9n dijo que despu\u00e9s de la tormenta sale el sol cuando puede haber un rayo? Vuelve el fen\u00f3meno literario de mayor \u00e9xito de los \u00faltimos tiempos en una edici\u00f3n revisada por la autora.<\/p>\n<p>Luke Howland, lleno de problemas y sumido en una desesperaci\u00f3n profunda, y Hasley Weigel, tan despistada como optimista, no se ajustan al prototipo de pareja perfecta.<\/p>\n<p><b>Como si cada uno fuese un cielo, uno es tormenta y el otro, un d\u00eda soleado: \u00e9l es oscuridad.<\/b><\/p>\n<p>Ella, un rayode sol. Y, sin embargo, juntos decidieron ponerle nombre a lo que hab\u00edan creado:\u00a0<b>un boulevard te\u00f1ido de tonos gris\u00e1ceos<\/b><\/p>\n<p>y de azules celestes y el\u00e9ctricos prepar\u00e1ndose para la tormenta.<\/p>\n<p>Ella era para \u00e9l y \u00e9l era para ella.<\/p>\n<p><b>Una historia de amor tan \u00fanica que te marcar\u00e1 para el resto de tus d\u00edas.<\/b><\/p>\n","protected":false},"excerpt":{"rendered":"<p>Flor M. Salvador<\/p>\n","protected":false},"featured_media":827,"template":"","meta":{"_joinchat":[]},"product_brand":[],"product_cat":[52,35],"product_tag":[34,57],"class_list":{"0":"post-826","1":"product","2":"type-product","3":"status-publish","4":"has-post-thumbnail","6":"product_cat-juvenil","7":"product_cat-romantica","8":"product_tag-penguin-random-house","9":"product_tag-wattpad","11":"first","12":"outofstock","13":"shipping-taxable","14":"purchasable","15":"product-type-simple"},"_links":{"self":[{"href":"https:\/\/libreriahistoriasdebolsillo.com\/index.php\/wp-json\/wp\/v2\/product\/826","targetHints":{"allow":["GET"]}}],"collection":[{"href":"https:\/\/libreriahistoriasdebolsillo.com\/index.php\/wp-json\/wp\/v2\/product"}],"about":[{"href":"https:\/\/libreriahistoriasdebolsillo.com\/index.php\/wp-json\/wp\/v2\/types\/product"}],"wp:featuredmedia":[{"embeddable":true,"href":"https:\/\/libreriahistoriasdebolsillo.com\/index.php\/wp-json\/wp\/v2\/media\/827"}],"wp:attachment":[{"href":"https:\/\/libreriahistoriasdebolsillo.com\/index.php\/wp-json\/wp\/v2\/media?parent=826"}],"wp:term":[{"taxonomy":"product_brand","embeddable":true,"href":"https:\/\/libreriahistoriasdebolsillo.com\/index.php\/wp-json\/wp\/v2\/product_brand?post=826"},{"taxonomy":"product_cat","embeddable":true,"href":"https:\/\/libreriahistoriasdebolsillo.com\/index.php\/wp-json\/wp\/v2\/product_cat?post=826"},{"taxonomy":"product_tag","embeddable":true,"href":"https:\/\/libreriahistoriasdebolsillo.com\/index.php\/wp-json\/wp\/v2\/product_tag?post=826"}],"curies":[{"name":"wp","href":"https:\/\/api.w.org\/{rel}","templated":true}]}}