{"id":8260,"date":"2026-05-05T11:06:10","date_gmt":"2026-05-05T17:06:10","guid":{"rendered":"https:\/\/libreriahistoriasdebolsillo.com\/?post_type=product&#038;p=8260"},"modified":"2026-05-13T15:27:00","modified_gmt":"2026-05-13T21:27:00","slug":"kingmakers-1-king-makers","status":"publish","type":"product","link":"https:\/\/libreriahistoriasdebolsillo.com\/index.php\/producto\/kingmakers-1-king-makers\/","title":{"rendered":"Kingmakers 1. King makers"},"content":{"rendered":"<div class=\"justify\">\n<p><b>La autora\u00a0<i>bestseller<\/i>\u00a0de USA Today, conocida por la saga Herencia brutal, nos trae ahora una nueva serie\u00a0<i>dark college- mafia romance<\/i>, el g\u00e9nero que arrasa en BookTok.<\/b><\/p>\n<\/div>\n<div class=\"justify\">\n<p><b>Bienvenidos a Kingmakers, la universidad m\u00e1s violenta del mundo.<\/b><\/p>\n<p>Unidos por la sangre, separados por amor\u2026<\/p>\n<p>En los oscuros pasillos de Kingmakers, la despiadada universidad de la mafia, los descendientes de las familias m\u00e1s temidas del mundo han venido a aprender c\u00f3mo imponer su poder y el miedo.<\/p>\n<p>Leo, amigo incondicional de Anna desde que ambos era ni\u00f1os, se adentra con ella en un mundo donde el amor es un arma, la confianza es una v\u00edctima y la supervivencia es la \u00fanica victoria que importa.<\/p>\n<p>Pero el mayor peligro lo representa Dean Yenin, heredero de la Bratva con una sed de venganza tan despiadada como su coraz\u00f3n. Dean quiere destruir a Leo y arrebatarle todo lo que ama\u2026 empezando por Anna.<\/p>\n<p>\u00bfPodr\u00e1 recuperar Leo a su alma gemela? \u00bfO habr\u00e1 perdido a Anna para siempre?<\/p>\n<\/div>\n","protected":false},"excerpt":{"rendered":"<p>Sophie Lark<br \/>\n416 p\u00e1ginas<\/p>\n","protected":false},"featured_media":8261,"template":"","meta":{"_joinchat":[]},"product_brand":[],"product_cat":[63,70],"product_tag":[34],"class_list":{"0":"post-8260","1":"product","2":"type-product","3":"status-publish","4":"has-post-thumbnail","6":"product_cat-dark-romance","7":"product_cat-novedades","8":"product_tag-penguin-random-house","10":"first","11":"instock","12":"shipping-taxable","13":"purchasable","14":"product-type-simple"},"_links":{"self":[{"href":"https:\/\/libreriahistoriasdebolsillo.com\/index.php\/wp-json\/wp\/v2\/product\/8260","targetHints":{"allow":["GET"]}}],"collection":[{"href":"https:\/\/libreriahistoriasdebolsillo.com\/index.php\/wp-json\/wp\/v2\/product"}],"about":[{"href":"https:\/\/libreriahistoriasdebolsillo.com\/index.php\/wp-json\/wp\/v2\/types\/product"}],"wp:featuredmedia":[{"embeddable":true,"href":"https:\/\/libreriahistoriasdebolsillo.com\/index.php\/wp-json\/wp\/v2\/media\/8261"}],"wp:attachment":[{"href":"https:\/\/libreriahistoriasdebolsillo.com\/index.php\/wp-json\/wp\/v2\/media?parent=8260"}],"wp:term":[{"taxonomy":"product_brand","embeddable":true,"href":"https:\/\/libreriahistoriasdebolsillo.com\/index.php\/wp-json\/wp\/v2\/product_brand?post=8260"},{"taxonomy":"product_cat","embeddable":true,"href":"https:\/\/libreriahistoriasdebolsillo.com\/index.php\/wp-json\/wp\/v2\/product_cat?post=8260"},{"taxonomy":"product_tag","embeddable":true,"href":"https:\/\/libreriahistoriasdebolsillo.com\/index.php\/wp-json\/wp\/v2\/product_tag?post=8260"}],"curies":[{"name":"wp","href":"https:\/\/api.w.org\/{rel}","templated":true}]}}