{"id":8262,"date":"2026-05-05T11:09:10","date_gmt":"2026-05-05T17:09:10","guid":{"rendered":"https:\/\/libreriahistoriasdebolsillo.com\/?post_type=product&#038;p=8262"},"modified":"2026-05-13T15:23:20","modified_gmt":"2026-05-13T21:23:20","slug":"el-repartidor-de-pekin","status":"publish","type":"product","link":"https:\/\/libreriahistoriasdebolsillo.com\/index.php\/producto\/el-repartidor-de-pekin\/","title":{"rendered":"El repartidor de Pek\u00edn"},"content":{"rendered":"<div class=\"justify\">\n<p><b>\u00bfEXISTE UNA MANERA DE GANARSE LA VIDA SIN DEJAR DE VIVIR?<\/b><\/p>\n<p><b>El repartidor de paquetes lector de Ch\u00e9jov y Carver que ha conquistado a mill\u00f3n y medio de lectores con su historia<\/b><\/p>\n<p><b>Fen\u00f3meno internacional en quince pa\u00edses y uno de los mejores libros del a\u00f1o seg\u00fan\u00a0<i>The Guardian<\/i>,\u00a0<i>The Economist<\/i>\u00a0y\u00a0<i>The Sunday Times<\/i><\/b><\/p>\n<p>\u00abEl idioma puede ser el chino, pero el agotamiento es global\u00bb.<br \/>\n<b><i>The New Statesman<\/i><\/b><\/p>\n<\/div>\n<div class=\"justify\">\n<p>El autor de este libro no es escritor. O no lo era hasta que el relato de su vida encadenando trabajos precarios en las megaciudades de China se convirti\u00f3 en un fen\u00f3meno editorial.<\/p>\n<p>Hu Anyan ha tenido diecinueve empleos distintos desde que se gradu\u00f3: repartidor de paquetes, guardia de seguridad, dependiente&#8230; Cada vez que uno de ellos se volv\u00eda insoportable, lo dejaba y cambiaba de ciudad, llevando siempre consigo obras de sus autores favoritos. Ch\u00e9jov, Carver o Foster Wallace eran las ventanas por las que entraba aire mientras intentaba sobrevivir en un sistema que nunca fue dise\u00f1ado para sostenernos.<\/p>\n<p>Con su voz sin adornos, su capacidad de observaci\u00f3n y un delicado sentido del humor, Hu ilumina las vidas invisibles tras los oficios que mantienen el mundo en marcha, pero tambi\u00e9n muestra c\u00f3mo, gracias a la literatura, encontr\u00f3 consuelo e incluso una forma de libertad.<\/p>\n<p>Esta obra se interroga sobre el sentido del trabajo mientras plantea una pregunta m\u00e1s acuciante a lo largo de toda la narraci\u00f3n: \u00bfacaso alguno de nosotros sabe de verdad c\u00f3mo vivir?<\/p>\n<\/div>\n","protected":false},"excerpt":{"rendered":"<p>Hu Anyan<br \/>\n288 p\u00e1ginas<\/p>\n","protected":false},"featured_media":8263,"template":"","meta":{"_joinchat":[]},"product_brand":[],"product_cat":[78,70],"product_tag":[],"class_list":{"0":"post-8262","1":"product","2":"type-product","3":"status-publish","4":"has-post-thumbnail","6":"product_cat-contemporanea","7":"product_cat-novedades","9":"first","10":"instock","11":"shipping-taxable","12":"purchasable","13":"product-type-simple"},"_links":{"self":[{"href":"https:\/\/libreriahistoriasdebolsillo.com\/index.php\/wp-json\/wp\/v2\/product\/8262","targetHints":{"allow":["GET"]}}],"collection":[{"href":"https:\/\/libreriahistoriasdebolsillo.com\/index.php\/wp-json\/wp\/v2\/product"}],"about":[{"href":"https:\/\/libreriahistoriasdebolsillo.com\/index.php\/wp-json\/wp\/v2\/types\/product"}],"wp:featuredmedia":[{"embeddable":true,"href":"https:\/\/libreriahistoriasdebolsillo.com\/index.php\/wp-json\/wp\/v2\/media\/8263"}],"wp:attachment":[{"href":"https:\/\/libreriahistoriasdebolsillo.com\/index.php\/wp-json\/wp\/v2\/media?parent=8262"}],"wp:term":[{"taxonomy":"product_brand","embeddable":true,"href":"https:\/\/libreriahistoriasdebolsillo.com\/index.php\/wp-json\/wp\/v2\/product_brand?post=8262"},{"taxonomy":"product_cat","embeddable":true,"href":"https:\/\/libreriahistoriasdebolsillo.com\/index.php\/wp-json\/wp\/v2\/product_cat?post=8262"},{"taxonomy":"product_tag","embeddable":true,"href":"https:\/\/libreriahistoriasdebolsillo.com\/index.php\/wp-json\/wp\/v2\/product_tag?post=8262"}],"curies":[{"name":"wp","href":"https:\/\/api.w.org\/{rel}","templated":true}]}}