{"id":8264,"date":"2026-05-05T11:11:05","date_gmt":"2026-05-05T17:11:05","guid":{"rendered":"https:\/\/libreriahistoriasdebolsillo.com\/?post_type=product&#038;p=8264"},"modified":"2026-05-13T15:23:09","modified_gmt":"2026-05-13T21:23:09","slug":"bajo-el-ojo-del-gran-pajaro","status":"publish","type":"product","link":"https:\/\/libreriahistoriasdebolsillo.com\/index.php\/producto\/bajo-el-ojo-del-gran-pajaro\/","title":{"rendered":"Bajo el ojo del gran p\u00e1jaro"},"content":{"rendered":"<div class=\"justify\">\n<p><b>LA GRAN AUTORA JAPONESA VUELVE CON LA NOVELA FINALISTA DEL PREMIO BOOKER INTERNACIONAL 2025. M\u00c1S DE 700.000 LECTORES<\/b><\/p>\n<p>\u00abUna melanc\u00f3lica per hermosa representaci\u00f3n de un mundo que perece\u00bb.<br \/>\n<b>Banana Yoshimoto<\/b><\/p>\n<\/div>\n<div class=\"justify\">\n<p>En un futuro lejano, la humanidad est\u00e1 al borde de la desaparici\u00f3n. Dispersos en peque\u00f1as tribus bajo el cuidado de unas enigm\u00e1ticas \u00abMadres\u00bb, los \u00faltimos humanos intentan sobrevivir en un planeta irreconocible. Algunos ni\u00f1os nacen en f\u00e1bricas, creados a partir de c\u00e9lulas de animales; otros se nutren a trav\u00e9s de la fotos\u00edntesis, como las plantas. Tal vez la continuidad de la especie dependa del mestizaje con estas nuevas criaturas, pero nadie sabe si los v\u00ednculos y la sociedad lograr\u00e1n perdurar.<\/p>\n<p>A lo largo de episodios que abarcan diversas eras,\u00a0<i>Bajo el ojo del gran p\u00e1jaro<\/i>\u00a0ofrece una visi\u00f3n asombrosa del fin de nuestra especie. Con una sensibilidad \u00fanica, Hiromi Kawakami ha construido un universo a la vez fr\u00e1gil y luminoso, que nos lleva a preguntarnos sobre las cualidades que nos hacen realmente humanos.<\/p>\n<\/div>\n","protected":false},"excerpt":{"rendered":"<p>Hiromi Kawakami<br \/>\n280 p\u00e1ginas<\/p>\n","protected":false},"featured_media":8265,"template":"","meta":{"_joinchat":[]},"product_brand":[],"product_cat":[78,70],"product_tag":[34],"class_list":{"0":"post-8264","1":"product","2":"type-product","3":"status-publish","4":"has-post-thumbnail","6":"product_cat-contemporanea","7":"product_cat-novedades","8":"product_tag-penguin-random-house","10":"first","11":"instock","12":"shipping-taxable","13":"purchasable","14":"product-type-simple"},"_links":{"self":[{"href":"https:\/\/libreriahistoriasdebolsillo.com\/index.php\/wp-json\/wp\/v2\/product\/8264","targetHints":{"allow":["GET"]}}],"collection":[{"href":"https:\/\/libreriahistoriasdebolsillo.com\/index.php\/wp-json\/wp\/v2\/product"}],"about":[{"href":"https:\/\/libreriahistoriasdebolsillo.com\/index.php\/wp-json\/wp\/v2\/types\/product"}],"wp:featuredmedia":[{"embeddable":true,"href":"https:\/\/libreriahistoriasdebolsillo.com\/index.php\/wp-json\/wp\/v2\/media\/8265"}],"wp:attachment":[{"href":"https:\/\/libreriahistoriasdebolsillo.com\/index.php\/wp-json\/wp\/v2\/media?parent=8264"}],"wp:term":[{"taxonomy":"product_brand","embeddable":true,"href":"https:\/\/libreriahistoriasdebolsillo.com\/index.php\/wp-json\/wp\/v2\/product_brand?post=8264"},{"taxonomy":"product_cat","embeddable":true,"href":"https:\/\/libreriahistoriasdebolsillo.com\/index.php\/wp-json\/wp\/v2\/product_cat?post=8264"},{"taxonomy":"product_tag","embeddable":true,"href":"https:\/\/libreriahistoriasdebolsillo.com\/index.php\/wp-json\/wp\/v2\/product_tag?post=8264"}],"curies":[{"name":"wp","href":"https:\/\/api.w.org\/{rel}","templated":true}]}}