{"id":8266,"date":"2026-05-05T11:13:24","date_gmt":"2026-05-05T17:13:24","guid":{"rendered":"https:\/\/libreriahistoriasdebolsillo.com\/?post_type=product&#038;p=8266"},"modified":"2026-05-05T11:13:24","modified_gmt":"2026-05-05T17:13:24","slug":"game-changers-1-cambiar-el-juego","status":"publish","type":"product","link":"https:\/\/libreriahistoriasdebolsillo.com\/index.php\/producto\/game-changers-1-cambiar-el-juego\/","title":{"rendered":"Game changers 1. Cambiar el juego"},"content":{"rendered":"<div class=\"justify\">\n<p><b>Entra en el mundo de Game Changers, la serie detr\u00e1s de la \u00e9pica historia rom\u00e1ntica de hockey \u00abHeated Rivalry\u00bb, disponible en HBO Max en Estados Unidos y en Movistar+ en Espa\u00f1a. Todo empieza aqu\u00ed, con la apasionada relaci\u00f3n secreta entre Scott y Kip, obra de Rachel Reid, autora superventas del New York Times y USA Today.<\/b><\/p>\n<\/div>\n<div class=\"justify\">\n<p>El capit\u00e1n de los New York Admirals, Scott Hunter, se toma muy en serio sus rituales previos al partido. Cuando un batido en particular precede al fin de la mala racha de Scott sobre el hielo, est\u00e1 desesperado por recrear la magia&#8230; y por conocer al chico sexy y divertido que est\u00e1 detr\u00e1s del mostrador.<\/p>\n<p>Kip Grady sab\u00eda que las frecuentes visitas de Scott iban m\u00e1s all\u00e1 de los batidos de frutas, pero nunca se atrevi\u00f3 a imaginar que lo invitar\u00eda a su \u00e1tico. O que lo besar\u00eda apasionadamente&#8230; y m\u00e1s. Lo que ocurre entre ellos es ardiente, incre\u00edble y frecuente&#8230; pero solo seg\u00fan las condiciones de Scott y siempre a puerta cerrada en su apartamento.<\/p>\n<p>Scott necesita a Kip en su vida, pero con la temporada de playoffs acerc\u00e1ndose, los focos que le iluminan son m\u00e1s brillantes que nunca. No puede permitirse hacer nada que pueda descarrilar su carrera o la imagen p\u00fablica de lo que debe ser un capit\u00e1n de hockey. Kip est\u00e1 listo para ir a por todas con Scott, pero \u00bfcu\u00e1nto tiempo m\u00e1s tendr\u00e1 que permanecer en secreto?<\/p>\n<\/div>\n","protected":false},"excerpt":{"rendered":"<p>Rachel Reid<br \/>\n416 p\u00e1ginas<\/p>\n","protected":false},"featured_media":8267,"template":"","meta":{"_joinchat":[]},"product_brand":[],"product_cat":[38,70],"product_tag":[34],"class_list":{"0":"post-8266","1":"product","2":"type-product","3":"status-publish","4":"has-post-thumbnail","6":"product_cat-lgbtq","7":"product_cat-novedades","8":"product_tag-penguin-random-house","10":"first","11":"outofstock","12":"shipping-taxable","13":"purchasable","14":"product-type-simple"},"_links":{"self":[{"href":"https:\/\/libreriahistoriasdebolsillo.com\/index.php\/wp-json\/wp\/v2\/product\/8266","targetHints":{"allow":["GET"]}}],"collection":[{"href":"https:\/\/libreriahistoriasdebolsillo.com\/index.php\/wp-json\/wp\/v2\/product"}],"about":[{"href":"https:\/\/libreriahistoriasdebolsillo.com\/index.php\/wp-json\/wp\/v2\/types\/product"}],"wp:featuredmedia":[{"embeddable":true,"href":"https:\/\/libreriahistoriasdebolsillo.com\/index.php\/wp-json\/wp\/v2\/media\/8267"}],"wp:attachment":[{"href":"https:\/\/libreriahistoriasdebolsillo.com\/index.php\/wp-json\/wp\/v2\/media?parent=8266"}],"wp:term":[{"taxonomy":"product_brand","embeddable":true,"href":"https:\/\/libreriahistoriasdebolsillo.com\/index.php\/wp-json\/wp\/v2\/product_brand?post=8266"},{"taxonomy":"product_cat","embeddable":true,"href":"https:\/\/libreriahistoriasdebolsillo.com\/index.php\/wp-json\/wp\/v2\/product_cat?post=8266"},{"taxonomy":"product_tag","embeddable":true,"href":"https:\/\/libreriahistoriasdebolsillo.com\/index.php\/wp-json\/wp\/v2\/product_tag?post=8266"}],"curies":[{"name":"wp","href":"https:\/\/api.w.org\/{rel}","templated":true}]}}