{"id":8270,"date":"2026-05-05T11:21:03","date_gmt":"2026-05-05T17:21:03","guid":{"rendered":"https:\/\/libreriahistoriasdebolsillo.com\/?post_type=product&#038;p=8270"},"modified":"2026-05-13T15:26:39","modified_gmt":"2026-05-13T21:26:39","slug":"hilos-del-destino-1-fallen-gods","status":"publish","type":"product","link":"https:\/\/libreriahistoriasdebolsillo.com\/index.php\/producto\/hilos-del-destino-1-fallen-gods\/","title":{"rendered":"Hilos del destino 1. Fallen gods"},"content":{"rendered":"<div class=\"justify\">\n<p><b>&lt;&lt;No elijo la muerte.<\/b><\/p>\n<p><b>Ni siquiera elijo la vida.<\/b><\/p>\n<p><b>La elijo a ella.&gt;&gt;<\/b><\/p>\n<p><b>El romance m\u00e1s adictivo que no podr\u00e1s parar de leer<\/b><\/p>\n<\/div>\n<div class=\"justify\">\n<p><b>Dec\u00edan que los dioses eran un mito. Que los gigantes solo eran historias contadas alrededor de fogatas moribundas. Ment\u00edan.<\/b><\/p>\n<p>Los dioses no est\u00e1n muertos; tan solo est\u00e1n dormidos, encerrados en cuerpos mortales, desperdigados por el mundo y esperando a que la chispa adecuada los despierte. Y mi padre es el m\u00e1s despiadado de todos.<\/p>\n<p>Me crio para obedecer. Para sangrar. Para ser su espada cuando llegue el momento. Y ahora me ha enviado a la Universidad de Endir, un lugar lleno de linajes antiguos y secretos letales, para recuperar el Mj\u00f6lnir, el martillo de las leyendas. Si fracaso, todas las personas que quiero morir\u00e1n.<\/p>\n<p>Pero Aric Erikson no formaba parte del plan. \u00c9l es el heredero del enemigo. Distante. Peligroso. Y\u2026 la \u00fanica persona de quien no puedo permitirme enamorarme. Se ha aislado por completo detr\u00e1s de un muro de hielo, pero cuanto m\u00e1s me ordenan que lo descifre, m\u00e1s dif\u00edcil me resulta recordar d\u00f3nde terminan las mentiras y d\u00f3nde comienzo yo.<\/p>\n<p>Ahora, lo \u00fanico que me separa de una guerra que decidir\u00e1 el destino del mundo son una misi\u00f3n que yo no escog\u00ed\u2026 y un hombre a quien nunca deb\u00ed amar.<\/p>\n<p><b>Pero, si yo soy la chispa, tal vez \u00e9l sea la mecha.<\/b><\/p>\n<p><b>\u00bfY los dioses? Est\u00e1n a punto de despertar furiosos.<\/b><\/p>\n<\/div>\n","protected":false},"excerpt":{"rendered":"<p>Rachel Van Dyken<br \/>\n544 p\u00e1ginas<\/p>\n","protected":false},"featured_media":8271,"template":"","meta":{"_joinchat":[]},"product_brand":[],"product_cat":[70,76],"product_tag":[34],"class_list":{"0":"post-8270","1":"product","2":"type-product","3":"status-publish","4":"has-post-thumbnail","6":"product_cat-novedades","7":"product_cat-romantasy","8":"product_tag-penguin-random-house","10":"first","11":"instock","12":"shipping-taxable","13":"purchasable","14":"product-type-simple"},"_links":{"self":[{"href":"https:\/\/libreriahistoriasdebolsillo.com\/index.php\/wp-json\/wp\/v2\/product\/8270","targetHints":{"allow":["GET"]}}],"collection":[{"href":"https:\/\/libreriahistoriasdebolsillo.com\/index.php\/wp-json\/wp\/v2\/product"}],"about":[{"href":"https:\/\/libreriahistoriasdebolsillo.com\/index.php\/wp-json\/wp\/v2\/types\/product"}],"wp:featuredmedia":[{"embeddable":true,"href":"https:\/\/libreriahistoriasdebolsillo.com\/index.php\/wp-json\/wp\/v2\/media\/8271"}],"wp:attachment":[{"href":"https:\/\/libreriahistoriasdebolsillo.com\/index.php\/wp-json\/wp\/v2\/media?parent=8270"}],"wp:term":[{"taxonomy":"product_brand","embeddable":true,"href":"https:\/\/libreriahistoriasdebolsillo.com\/index.php\/wp-json\/wp\/v2\/product_brand?post=8270"},{"taxonomy":"product_cat","embeddable":true,"href":"https:\/\/libreriahistoriasdebolsillo.com\/index.php\/wp-json\/wp\/v2\/product_cat?post=8270"},{"taxonomy":"product_tag","embeddable":true,"href":"https:\/\/libreriahistoriasdebolsillo.com\/index.php\/wp-json\/wp\/v2\/product_tag?post=8270"}],"curies":[{"name":"wp","href":"https:\/\/api.w.org\/{rel}","templated":true}]}}