{"id":8281,"date":"2026-05-08T10:05:29","date_gmt":"2026-05-08T16:05:29","guid":{"rendered":"https:\/\/libreriahistoriasdebolsillo.com\/?post_type=product&#038;p=8281"},"modified":"2026-05-11T11:33:16","modified_gmt":"2026-05-11T17:33:16","slug":"la-maldicion-los-gemelos-crochemort","status":"publish","type":"product","link":"https:\/\/libreriahistoriasdebolsillo.com\/index.php\/producto\/la-maldicion-los-gemelos-crochemort\/","title":{"rendered":"La maldici\u00f3n: los gemelos Crochemort"},"content":{"rendered":"<p>Un lugar en el que los vivos no son bienvenidos&#8230; Despu\u00e9s de un terrible accidente, los gemelos Silence y Oriel Crochemort deben mudarse con sus abuelos a una extra\u00f1a ciudad donde descubrir\u00e1n que una terrible maldici\u00f3n ha ca\u00eddo sobre el pueblo. Silence comienza a escuchar una voz y Oriel empieza a tener premoniciones.<\/p>\n","protected":false},"excerpt":{"rendered":"<p>Cassandra O&#8217;Donnell<br \/>\n272 p\u00e1ginas<\/p>\n","protected":false},"featured_media":8282,"template":"","meta":{"_joinchat":[]},"product_brand":[],"product_cat":[36],"product_tag":[81],"class_list":{"0":"post-8281","1":"product","2":"type-product","3":"status-publish","4":"has-post-thumbnail","6":"product_cat-terror-y-paranormal","7":"product_tag-trillas","9":"first","10":"instock","11":"shipping-taxable","12":"purchasable","13":"product-type-simple"},"_links":{"self":[{"href":"https:\/\/libreriahistoriasdebolsillo.com\/index.php\/wp-json\/wp\/v2\/product\/8281","targetHints":{"allow":["GET"]}}],"collection":[{"href":"https:\/\/libreriahistoriasdebolsillo.com\/index.php\/wp-json\/wp\/v2\/product"}],"about":[{"href":"https:\/\/libreriahistoriasdebolsillo.com\/index.php\/wp-json\/wp\/v2\/types\/product"}],"wp:featuredmedia":[{"embeddable":true,"href":"https:\/\/libreriahistoriasdebolsillo.com\/index.php\/wp-json\/wp\/v2\/media\/8282"}],"wp:attachment":[{"href":"https:\/\/libreriahistoriasdebolsillo.com\/index.php\/wp-json\/wp\/v2\/media?parent=8281"}],"wp:term":[{"taxonomy":"product_brand","embeddable":true,"href":"https:\/\/libreriahistoriasdebolsillo.com\/index.php\/wp-json\/wp\/v2\/product_brand?post=8281"},{"taxonomy":"product_cat","embeddable":true,"href":"https:\/\/libreriahistoriasdebolsillo.com\/index.php\/wp-json\/wp\/v2\/product_cat?post=8281"},{"taxonomy":"product_tag","embeddable":true,"href":"https:\/\/libreriahistoriasdebolsillo.com\/index.php\/wp-json\/wp\/v2\/product_tag?post=8281"}],"curies":[{"name":"wp","href":"https:\/\/api.w.org\/{rel}","templated":true}]}}