{"id":8298,"date":"2026-05-08T10:28:17","date_gmt":"2026-05-08T16:28:17","guid":{"rendered":"https:\/\/libreriahistoriasdebolsillo.com\/?post_type=product&#038;p=8298"},"modified":"2026-05-08T11:57:49","modified_gmt":"2026-05-08T17:57:49","slug":"sangre-de-mi-sangre","status":"publish","type":"product","link":"https:\/\/libreriahistoriasdebolsillo.com\/index.php\/producto\/sangre-de-mi-sangre\/","title":{"rendered":"Sangre de mi sangre"},"content":{"rendered":"<p>Rebecca y su hija M\u00f3nica llevan 10 a\u00f1os escapando en una van. No tienen dinero ni comida, ni conviven con nadie, hasta chocan con un mont\u00edculo de nieve en plena carretera. Un extra\u00f1o se acerca a ayudarlas y, contra todos sus instintos, Rebecca acepta la ayuda. Al tiempo, el detective Donner busca a un asesino serial que drena la sangre de sus v\u00edctimas. Por casualidad, Donner se cruza con el extra\u00f1o que ayud\u00f3 a Rebecca y, con base en el testimonio de este, ahora cree que Rebecca es la persona que est\u00e1 buscando.<\/p>\n","protected":false},"excerpt":{"rendered":"<p>Stuart Neville<br \/>\n288 p\u00e1ginas<\/p>\n","protected":false},"featured_media":8299,"template":"","meta":{"_joinchat":[]},"product_brand":[],"product_cat":[37],"product_tag":[81],"class_list":{"0":"post-8298","1":"product","2":"type-product","3":"status-publish","4":"has-post-thumbnail","6":"product_cat-misterio-y-thriller","7":"product_tag-trillas","9":"first","10":"outofstock","11":"shipping-taxable","12":"purchasable","13":"product-type-simple"},"_links":{"self":[{"href":"https:\/\/libreriahistoriasdebolsillo.com\/index.php\/wp-json\/wp\/v2\/product\/8298","targetHints":{"allow":["GET"]}}],"collection":[{"href":"https:\/\/libreriahistoriasdebolsillo.com\/index.php\/wp-json\/wp\/v2\/product"}],"about":[{"href":"https:\/\/libreriahistoriasdebolsillo.com\/index.php\/wp-json\/wp\/v2\/types\/product"}],"wp:featuredmedia":[{"embeddable":true,"href":"https:\/\/libreriahistoriasdebolsillo.com\/index.php\/wp-json\/wp\/v2\/media\/8299"}],"wp:attachment":[{"href":"https:\/\/libreriahistoriasdebolsillo.com\/index.php\/wp-json\/wp\/v2\/media?parent=8298"}],"wp:term":[{"taxonomy":"product_brand","embeddable":true,"href":"https:\/\/libreriahistoriasdebolsillo.com\/index.php\/wp-json\/wp\/v2\/product_brand?post=8298"},{"taxonomy":"product_cat","embeddable":true,"href":"https:\/\/libreriahistoriasdebolsillo.com\/index.php\/wp-json\/wp\/v2\/product_cat?post=8298"},{"taxonomy":"product_tag","embeddable":true,"href":"https:\/\/libreriahistoriasdebolsillo.com\/index.php\/wp-json\/wp\/v2\/product_tag?post=8298"}],"curies":[{"name":"wp","href":"https:\/\/api.w.org\/{rel}","templated":true}]}}