{"id":8320,"date":"2026-05-11T15:23:27","date_gmt":"2026-05-11T21:23:27","guid":{"rendered":"https:\/\/libreriahistoriasdebolsillo.com\/?post_type=product&#038;p=8320"},"modified":"2026-05-11T15:23:28","modified_gmt":"2026-05-11T21:23:28","slug":"hazelthorn","status":"publish","type":"product","link":"https:\/\/libreriahistoriasdebolsillo.com\/index.php\/producto\/hazelthorn\/","title":{"rendered":"Hazelthorn"},"content":{"rendered":"<p>Evander ha vivido como un fantasma en los rincones olvidados de la mansi\u00f3n Hazelthorn. No puede irse ni entrar en los jardines, ni quedarse a solas con Laurie, el chico que intent\u00f3 matarlo hace siete a\u00f1os. Al menos hasta que su tutor es asesinado y Evander hereda Hazelthorn. Entonces, Laurie podr\u00eda ser el \u00fanico capaz de ayudarlo a encontrar al culpable. Pero a medida que oscuros secretos se develan como musgo que sangra a trav\u00e9s de las paredes u hongos venenosos que florecen bajo las tablas del suelo, Evander deber\u00e1 descubrir qu\u00e9 es lo que ha heredado en verdad&#8230; antes de que el jard\u00edn exija ser alimentado. Una historia tan cautivante como escalofriante, que no te dejar\u00e1 escapar. Por le autore de \u00abNo dejes entrar al bosque\u00bb.<\/p>\n","protected":false},"excerpt":{"rendered":"<p>C.G. Drews<br \/>\n368 p\u00e1ginas<\/p>\n","protected":false},"featured_media":8321,"template":"","meta":{"_joinchat":[]},"product_brand":[],"product_cat":[39,38,36],"product_tag":[48],"class_list":{"0":"post-8320","1":"product","2":"type-product","3":"status-publish","4":"has-post-thumbnail","6":"product_cat-fantasia","7":"product_cat-lgbtq","8":"product_cat-terror-y-paranormal","9":"product_tag-vr-editoras","11":"first","12":"instock","13":"shipping-taxable","14":"purchasable","15":"product-type-simple"},"_links":{"self":[{"href":"https:\/\/libreriahistoriasdebolsillo.com\/index.php\/wp-json\/wp\/v2\/product\/8320","targetHints":{"allow":["GET"]}}],"collection":[{"href":"https:\/\/libreriahistoriasdebolsillo.com\/index.php\/wp-json\/wp\/v2\/product"}],"about":[{"href":"https:\/\/libreriahistoriasdebolsillo.com\/index.php\/wp-json\/wp\/v2\/types\/product"}],"wp:featuredmedia":[{"embeddable":true,"href":"https:\/\/libreriahistoriasdebolsillo.com\/index.php\/wp-json\/wp\/v2\/media\/8321"}],"wp:attachment":[{"href":"https:\/\/libreriahistoriasdebolsillo.com\/index.php\/wp-json\/wp\/v2\/media?parent=8320"}],"wp:term":[{"taxonomy":"product_brand","embeddable":true,"href":"https:\/\/libreriahistoriasdebolsillo.com\/index.php\/wp-json\/wp\/v2\/product_brand?post=8320"},{"taxonomy":"product_cat","embeddable":true,"href":"https:\/\/libreriahistoriasdebolsillo.com\/index.php\/wp-json\/wp\/v2\/product_cat?post=8320"},{"taxonomy":"product_tag","embeddable":true,"href":"https:\/\/libreriahistoriasdebolsillo.com\/index.php\/wp-json\/wp\/v2\/product_tag?post=8320"}],"curies":[{"name":"wp","href":"https:\/\/api.w.org\/{rel}","templated":true}]}}