{"id":8324,"date":"2026-05-11T15:28:23","date_gmt":"2026-05-11T21:28:23","guid":{"rendered":"https:\/\/libreriahistoriasdebolsillo.com\/?post_type=product&#038;p=8324"},"modified":"2026-05-11T15:28:23","modified_gmt":"2026-05-11T21:28:23","slug":"mi-vecino-maldito-y-sexy","status":"publish","type":"product","link":"https:\/\/libreriahistoriasdebolsillo.com\/index.php\/producto\/mi-vecino-maldito-y-sexy\/","title":{"rendered":"Mi vecino maldito (y sexy)"},"content":{"rendered":"<p>Cuando se trata de amor, el maleficio marca la pauta en este encantador y sexy romance. De ni\u00f1a, Delia Merriweather cre\u00eda con todo su coraz\u00f3n que era una bruja, al menos todas las mujeres de su familia lo eran. El problema era que no ten\u00edan magia. Ya de adulta, Delia dej\u00f3 de creer en esa posiblidad. Sin embargo, cuando accidentalmente rompe el maleficio que condenaba a su familia a llevar una vida sin magia, se ve obligada a aceptar una nueva realidad: es una bruja. Y quiz\u00e1 por eso el guap\u00edsimo chico de al lado la ha estado mirando como si esperara que saliera volando en una escoba, cacareando en la noche. Justo cuando Max cre\u00eda que hab\u00eda terminado de vigilar al aquelarre Merriweather, debe ayudarlo a aprender a controlar sus poderes antes de que todo se salga de control. Pero ahora Max tiene sentimientos por Delia&#8230; \u00bfSer\u00e1n reales o solo est\u00e1 encantado de conocerla?<\/p>\n","protected":false},"excerpt":{"rendered":"<p>Carly Bloom<br \/>\n400 p\u00e1ginas<\/p>\n","protected":false},"featured_media":8325,"template":"","meta":{"_joinchat":[]},"product_brand":[],"product_cat":[70,35],"product_tag":[48],"class_list":{"0":"post-8324","1":"product","2":"type-product","3":"status-publish","4":"has-post-thumbnail","6":"product_cat-novedades","7":"product_cat-romantica","8":"product_tag-vr-editoras","10":"first","11":"instock","12":"shipping-taxable","13":"purchasable","14":"product-type-simple"},"_links":{"self":[{"href":"https:\/\/libreriahistoriasdebolsillo.com\/index.php\/wp-json\/wp\/v2\/product\/8324","targetHints":{"allow":["GET"]}}],"collection":[{"href":"https:\/\/libreriahistoriasdebolsillo.com\/index.php\/wp-json\/wp\/v2\/product"}],"about":[{"href":"https:\/\/libreriahistoriasdebolsillo.com\/index.php\/wp-json\/wp\/v2\/types\/product"}],"wp:featuredmedia":[{"embeddable":true,"href":"https:\/\/libreriahistoriasdebolsillo.com\/index.php\/wp-json\/wp\/v2\/media\/8325"}],"wp:attachment":[{"href":"https:\/\/libreriahistoriasdebolsillo.com\/index.php\/wp-json\/wp\/v2\/media?parent=8324"}],"wp:term":[{"taxonomy":"product_brand","embeddable":true,"href":"https:\/\/libreriahistoriasdebolsillo.com\/index.php\/wp-json\/wp\/v2\/product_brand?post=8324"},{"taxonomy":"product_cat","embeddable":true,"href":"https:\/\/libreriahistoriasdebolsillo.com\/index.php\/wp-json\/wp\/v2\/product_cat?post=8324"},{"taxonomy":"product_tag","embeddable":true,"href":"https:\/\/libreriahistoriasdebolsillo.com\/index.php\/wp-json\/wp\/v2\/product_tag?post=8324"}],"curies":[{"name":"wp","href":"https:\/\/api.w.org\/{rel}","templated":true}]}}