{"id":8326,"date":"2026-05-11T15:31:23","date_gmt":"2026-05-11T21:31:23","guid":{"rendered":"https:\/\/libreriahistoriasdebolsillo.com\/?post_type=product&#038;p=8326"},"modified":"2026-05-11T15:31:23","modified_gmt":"2026-05-11T21:31:23","slug":"the-undone-1-unsteady","status":"publish","type":"product","link":"https:\/\/libreriahistoriasdebolsillo.com\/index.php\/producto\/the-undone-1-unsteady\/","title":{"rendered":"The undone 1. Unsteady"},"content":{"rendered":"<p>UN JUGADOR DE HOCKEY INCAPAZ DE PATINAR Rhys Koteskiy ha vuelto, o al menos, as\u00ed deber\u00eda ser. Tras recibir un golpe brutal en el Frozen Four del a\u00f1o pasado, el capit\u00e1n de hockey de la Universidad Waterfell y promesa de la NHL ya no se siente c\u00f3modo en el hielo. Plagado de ataques de p\u00e1nico cada vez que intenta patinar, Rhys se pregunta si alguna vez puede volver a jugar o si querr\u00e1 hacerlo. UNA PATINADORA DECIDIDA A NO SUCUMBIR A LA PRESI\u00d3N Sadie Brown lleva el peso del mundo sobre sus hombros. Con una monta\u00f1a de deudas, la lucha por la custodia de sus herpeque\u00f1os, manos el trabajo, los entrenamientos y la presi\u00f3n para mantener su beca, tiene que centrarse en el patinaje y en sobrevivir al d\u00eda a d\u00eda. UNA PRETEMPORADA QUE LO CAMBIAR\u00c1 TODO Una ma\u00f1ana, Sadie es testigo de una de las crisis de Rhys. Entonces surge entre ellos una suerte de acuerdo para compartir la pista en secreto. Para el jugador, ella es un tornado de emociones que alivia el vac\u00edo que siente, algo fascinante avivado por la creciente tracci\u00f3n que la patinadora se resiste a reconocer. Pero en los sentimientos, como en el hielo, hay que ir con pies de plomo\u2026 \u00a1Un fen\u00f3meno viral de BOOKTOK!<\/p>\n","protected":false},"excerpt":{"rendered":"<p>Peyton Corinne<br \/>\n480 p\u00e1ginas<\/p>\n","protected":false},"featured_media":8327,"template":"","meta":{"_joinchat":[]},"product_brand":[],"product_cat":[70,83],"product_tag":[48],"class_list":{"0":"post-8326","1":"product","2":"type-product","3":"status-publish","4":"has-post-thumbnail","6":"product_cat-novedades","7":"product_cat-sports-romance","8":"product_tag-vr-editoras","10":"first","11":"instock","12":"shipping-taxable","13":"purchasable","14":"product-type-simple"},"_links":{"self":[{"href":"https:\/\/libreriahistoriasdebolsillo.com\/index.php\/wp-json\/wp\/v2\/product\/8326","targetHints":{"allow":["GET"]}}],"collection":[{"href":"https:\/\/libreriahistoriasdebolsillo.com\/index.php\/wp-json\/wp\/v2\/product"}],"about":[{"href":"https:\/\/libreriahistoriasdebolsillo.com\/index.php\/wp-json\/wp\/v2\/types\/product"}],"wp:featuredmedia":[{"embeddable":true,"href":"https:\/\/libreriahistoriasdebolsillo.com\/index.php\/wp-json\/wp\/v2\/media\/8327"}],"wp:attachment":[{"href":"https:\/\/libreriahistoriasdebolsillo.com\/index.php\/wp-json\/wp\/v2\/media?parent=8326"}],"wp:term":[{"taxonomy":"product_brand","embeddable":true,"href":"https:\/\/libreriahistoriasdebolsillo.com\/index.php\/wp-json\/wp\/v2\/product_brand?post=8326"},{"taxonomy":"product_cat","embeddable":true,"href":"https:\/\/libreriahistoriasdebolsillo.com\/index.php\/wp-json\/wp\/v2\/product_cat?post=8326"},{"taxonomy":"product_tag","embeddable":true,"href":"https:\/\/libreriahistoriasdebolsillo.com\/index.php\/wp-json\/wp\/v2\/product_tag?post=8326"}],"curies":[{"name":"wp","href":"https:\/\/api.w.org\/{rel}","templated":true}]}}