{"id":834,"date":"2023-11-20T17:58:36","date_gmt":"2023-11-20T23:58:36","guid":{"rendered":"https:\/\/libreriahistoriasdebolsillo.com\/?post_type=product&#038;p=834"},"modified":"2024-04-11T10:54:48","modified_gmt":"2024-04-11T16:54:48","slug":"una-perfecta-oportunidad-seremos-imperfectos-2","status":"publish","type":"product","link":"https:\/\/libreriahistoriasdebolsillo.com\/index.php\/producto\/una-perfecta-oportunidad-seremos-imperfectos-2\/","title":{"rendered":"Una perfecta oportunidad. Seremos imperfectos 2"},"content":{"rendered":"<p><span class=\"a-text-bold\">La esperad\u00edsima continuaci\u00f3n de Una perfecta equivocaci\u00f3n, de la sensaci\u00f3n espa\u00f1ola de Wattpad, Andrea Smith.<\/span><\/p>\n<p>Vacaciones en el para\u00edso&#8230; \u00bfo no? Para cualquier chica, pasar el verano en Italia ser\u00eda un sue\u00f1o hecho realidad. Para Olivia James, en cambio, no lo es, porque eso significa quedarse en casa de Jax DeLuca, su ex. El chico que le rompi\u00f3 el coraz\u00f3n. Al llegar al peque\u00f1o pueblo costero donde se encuentra la villa de la familia DeLuca, Olivia se reencuentra con Jax, pero tambi\u00e9n conoce a Angelo, su primo, el chico m\u00e1s guapo que ha visto nunca y que, adem\u00e1s, no para de llamarla principessa&#8230; Decidida a aprovechar el verano, Olivia se convence de que tanto ella como Jax han pasado p\u00e1gina. \u00a1Es hora de volver a enamorarse! Aunque&#8230; \u00bfy si en realidad nunca se han olvidado? \u00bfY si este es el momento de darse una nueva y perfecta oportunidad? La secuela de la comedia rom\u00e1ntica m\u00e1s divertida y dulce de Wattpad, en la que se demuestra que solo el tiempo te hace olvidar&#8230; o amar con m\u00e1s fuerza todav\u00eda.<\/p>\n","protected":false},"excerpt":{"rendered":"<p>Andrea Smith<\/p>\n","protected":false},"featured_media":835,"template":"","meta":{"_joinchat":[]},"product_brand":[],"product_cat":[52,35],"product_tag":[34,57],"class_list":{"0":"post-834","1":"product","2":"type-product","3":"status-publish","4":"has-post-thumbnail","6":"product_cat-juvenil","7":"product_cat-romantica","8":"product_tag-penguin-random-house","9":"product_tag-wattpad","11":"first","12":"outofstock","13":"shipping-taxable","14":"purchasable","15":"product-type-simple"},"_links":{"self":[{"href":"https:\/\/libreriahistoriasdebolsillo.com\/index.php\/wp-json\/wp\/v2\/product\/834","targetHints":{"allow":["GET"]}}],"collection":[{"href":"https:\/\/libreriahistoriasdebolsillo.com\/index.php\/wp-json\/wp\/v2\/product"}],"about":[{"href":"https:\/\/libreriahistoriasdebolsillo.com\/index.php\/wp-json\/wp\/v2\/types\/product"}],"wp:featuredmedia":[{"embeddable":true,"href":"https:\/\/libreriahistoriasdebolsillo.com\/index.php\/wp-json\/wp\/v2\/media\/835"}],"wp:attachment":[{"href":"https:\/\/libreriahistoriasdebolsillo.com\/index.php\/wp-json\/wp\/v2\/media?parent=834"}],"wp:term":[{"taxonomy":"product_brand","embeddable":true,"href":"https:\/\/libreriahistoriasdebolsillo.com\/index.php\/wp-json\/wp\/v2\/product_brand?post=834"},{"taxonomy":"product_cat","embeddable":true,"href":"https:\/\/libreriahistoriasdebolsillo.com\/index.php\/wp-json\/wp\/v2\/product_cat?post=834"},{"taxonomy":"product_tag","embeddable":true,"href":"https:\/\/libreriahistoriasdebolsillo.com\/index.php\/wp-json\/wp\/v2\/product_tag?post=834"}],"curies":[{"name":"wp","href":"https:\/\/api.w.org\/{rel}","templated":true}]}}