{"id":837,"date":"2023-11-20T18:00:30","date_gmt":"2023-11-21T00:00:30","guid":{"rendered":"https:\/\/libreriahistoriasdebolsillo.com\/?post_type=product&#038;p=837"},"modified":"2024-08-08T16:54:30","modified_gmt":"2024-08-08T22:54:30","slug":"una-perfecta-equivocacion-seremos-imperfectos-1","status":"publish","type":"product","link":"https:\/\/libreriahistoriasdebolsillo.com\/index.php\/producto\/una-perfecta-equivocacion-seremos-imperfectos-1\/","title":{"rendered":"Una perfecta equivocaci\u00f3n. Seremos imperfectos 1"},"content":{"rendered":"<p><span class=\"a-text-bold\">\u00bfA QUI\u00c9N BESAR\u00cdAS, CON QUI\u00c9N TE CASAR\u00cdAS Y A QUI\u00c9N MATAR\u00cdAS?<\/span><\/p>\n<p>Cuando sus amigas le hacen esta pregunta, Olivia James lo tiene claro: Besar\u00eda a Ezra Johnson, porque est\u00e1 hot. Se casar\u00eda con Mateo Ford, porque, adem\u00e1s de ser guap\u00edsimo, tiene buen coraz\u00f3n. Y&#8230; matar\u00eda a Jax DeLuca, porque es la persona m\u00e1s idiota y narcisista que conoce. Despu\u00e9s de su primer encuentro a\u00f1os atr\u00e1s, cuando Jax la convirti\u00f3 en el hazmerre\u00edr de la escuela, Olivia se jur\u00f3 que siempre lo odiar\u00eda. \u00a1Siempre! Y ahora, sin darse cuenta, en lugar de enviar la respuesta a sus amigas, manda el mensaje al chat grupal donde est\u00e1n tooodos sus compa\u00f1eros de clase&#8230; \u00a1Incluidos esos tres chicos! Una divertid\u00edsima comedia rom\u00e1ntica de Wattpad, donde nada es lo que parece y las equivocaciones a veces pueden ser el comienzo de algo muy especial.<\/p>\n","protected":false},"excerpt":{"rendered":"<p>Andrea Smith<\/p>\n","protected":false},"featured_media":838,"template":"","meta":{"_joinchat":[]},"product_brand":[],"product_cat":[52,35],"product_tag":[34,57],"class_list":{"0":"post-837","1":"product","2":"type-product","3":"status-publish","4":"has-post-thumbnail","6":"product_cat-juvenil","7":"product_cat-romantica","8":"product_tag-penguin-random-house","9":"product_tag-wattpad","11":"first","12":"outofstock","13":"shipping-taxable","14":"purchasable","15":"product-type-simple"},"_links":{"self":[{"href":"https:\/\/libreriahistoriasdebolsillo.com\/index.php\/wp-json\/wp\/v2\/product\/837","targetHints":{"allow":["GET"]}}],"collection":[{"href":"https:\/\/libreriahistoriasdebolsillo.com\/index.php\/wp-json\/wp\/v2\/product"}],"about":[{"href":"https:\/\/libreriahistoriasdebolsillo.com\/index.php\/wp-json\/wp\/v2\/types\/product"}],"wp:featuredmedia":[{"embeddable":true,"href":"https:\/\/libreriahistoriasdebolsillo.com\/index.php\/wp-json\/wp\/v2\/media\/838"}],"wp:attachment":[{"href":"https:\/\/libreriahistoriasdebolsillo.com\/index.php\/wp-json\/wp\/v2\/media?parent=837"}],"wp:term":[{"taxonomy":"product_brand","embeddable":true,"href":"https:\/\/libreriahistoriasdebolsillo.com\/index.php\/wp-json\/wp\/v2\/product_brand?post=837"},{"taxonomy":"product_cat","embeddable":true,"href":"https:\/\/libreriahistoriasdebolsillo.com\/index.php\/wp-json\/wp\/v2\/product_cat?post=837"},{"taxonomy":"product_tag","embeddable":true,"href":"https:\/\/libreriahistoriasdebolsillo.com\/index.php\/wp-json\/wp\/v2\/product_tag?post=837"}],"curies":[{"name":"wp","href":"https:\/\/api.w.org\/{rel}","templated":true}]}}