{"id":841,"date":"2023-11-20T18:02:35","date_gmt":"2023-11-21T00:02:35","guid":{"rendered":"https:\/\/libreriahistoriasdebolsillo.com\/?post_type=product&#038;p=841"},"modified":"2025-04-08T10:31:50","modified_gmt":"2025-04-08T16:31:50","slug":"despues-de-diciembre","status":"publish","type":"product","link":"https:\/\/libreriahistoriasdebolsillo.com\/index.php\/producto\/despues-de-diciembre\/","title":{"rendered":"Meses a tu lado 2. Despu\u00e9s de Diciembre"},"content":{"rendered":"<p><span class=\"a-text-bold\">TODO CAMBIAR\u00c1&#8230; DESPU\u00c9S DE DICIEMBRE.<\/span><\/p>\n<p>El tiempo es algo relativo. Para algunos pasa m\u00e1s r\u00e1pido; para otros, no tanto. A Jenna Brown el \u00faltimo a\u00f1o se le ha hecho eterno. Cuando superas una ruptura el tiempo se rige por otras leyes f\u00edsicas, y estar un a\u00f1o sin Jack Ross ha sido uno de los retos m\u00e1s dif\u00edciles de su vida. Pero ha conseguido superarlo, centrarse en s\u00ed misma y convertirse en una Jenna renovada que tiene un nuevo objetivo vital: terminar los estudios. Aunque suponga volver al lugar donde todo empez\u00f3 y que tantos recuerdos le evoca. Aunque suponga tener que enfrentarse a las consecuencias de todas las decisiones que tom\u00f3 un a\u00f1o atr\u00e1s. Jenna est\u00e1 convencida de que todo lo ocurrido antes de diciembre forma parte del pasado, pero\u2026 \u00bfqu\u00e9 ocurrir\u00e1 despu\u00e9s de diciembre?<\/p>\n","protected":false},"excerpt":{"rendered":"<p>Joana Marc\u00fas<\/p>\n","protected":false},"featured_media":842,"template":"","meta":{"_joinchat":[]},"product_brand":[],"product_cat":[52,35],"product_tag":[34,57],"class_list":{"0":"post-841","1":"product","2":"type-product","3":"status-publish","4":"has-post-thumbnail","6":"product_cat-juvenil","7":"product_cat-romantica","8":"product_tag-penguin-random-house","9":"product_tag-wattpad","11":"first","12":"outofstock","13":"shipping-taxable","14":"purchasable","15":"product-type-simple"},"_links":{"self":[{"href":"https:\/\/libreriahistoriasdebolsillo.com\/index.php\/wp-json\/wp\/v2\/product\/841","targetHints":{"allow":["GET"]}}],"collection":[{"href":"https:\/\/libreriahistoriasdebolsillo.com\/index.php\/wp-json\/wp\/v2\/product"}],"about":[{"href":"https:\/\/libreriahistoriasdebolsillo.com\/index.php\/wp-json\/wp\/v2\/types\/product"}],"wp:featuredmedia":[{"embeddable":true,"href":"https:\/\/libreriahistoriasdebolsillo.com\/index.php\/wp-json\/wp\/v2\/media\/842"}],"wp:attachment":[{"href":"https:\/\/libreriahistoriasdebolsillo.com\/index.php\/wp-json\/wp\/v2\/media?parent=841"}],"wp:term":[{"taxonomy":"product_brand","embeddable":true,"href":"https:\/\/libreriahistoriasdebolsillo.com\/index.php\/wp-json\/wp\/v2\/product_brand?post=841"},{"taxonomy":"product_cat","embeddable":true,"href":"https:\/\/libreriahistoriasdebolsillo.com\/index.php\/wp-json\/wp\/v2\/product_cat?post=841"},{"taxonomy":"product_tag","embeddable":true,"href":"https:\/\/libreriahistoriasdebolsillo.com\/index.php\/wp-json\/wp\/v2\/product_tag?post=841"}],"curies":[{"name":"wp","href":"https:\/\/api.w.org\/{rel}","templated":true}]}}