{"id":845,"date":"2023-11-20T18:04:44","date_gmt":"2023-11-21T00:04:44","guid":{"rendered":"https:\/\/libreriahistoriasdebolsillo.com\/?post_type=product&#038;p=845"},"modified":"2025-05-07T09:45:00","modified_gmt":"2025-05-07T15:45:00","slug":"antes-de-diciembre-meses-a-tu-lado-1","status":"publish","type":"product","link":"https:\/\/libreriahistoriasdebolsillo.com\/index.php\/producto\/antes-de-diciembre-meses-a-tu-lado-1\/","title":{"rendered":"Meses a tu lado 1. Antes de Diciembre"},"content":{"rendered":"<p><span class=\"a-text-bold\">UNA HISTORIA DE AMOR Y PASI\u00d3N CON FECHA DE CADUCIDAD: TODO ACABAR\u00c1 ANTES DE DICIEMBRE.<\/span><\/p>\n<p>Para Jenna Brown, su primer a\u00f1o en la universidad supone alejarse de su familia y de sus amigos y enfrentarse al mundo por primera vez en su vida. Su novio le ha dejado claras sus intenciones: a partir de ese momento, tendr\u00e1n una relaci\u00f3n a distancia y abierta. Ambos podr\u00e1n actuar como quieran porque saben que se quieren el uno al otro. \u00bfHabr\u00e1 alg\u00fan problema si deja acercarse al mejor amigo del novio de su compa\u00f1era de habitaci\u00f3n? \u00bfQu\u00e9 importa si pasa tiempo con \u00e9l? Todo volver\u00e1 a la normalidad en diciembre, cuando regrese con su novio. \u00bfO quiz\u00e1 no ser\u00e1 as\u00ed? Tendr\u00e1 hasta entonces para descubrirlo.<\/p>\n","protected":false},"excerpt":{"rendered":"<p>Joana Marc\u00fas<\/p>\n","protected":false},"featured_media":846,"template":"","meta":{"_joinchat":[]},"product_brand":[],"product_cat":[52,35],"product_tag":[34,57],"class_list":{"0":"post-845","1":"product","2":"type-product","3":"status-publish","4":"has-post-thumbnail","6":"product_cat-juvenil","7":"product_cat-romantica","8":"product_tag-penguin-random-house","9":"product_tag-wattpad","11":"first","12":"outofstock","13":"shipping-taxable","14":"purchasable","15":"product-type-simple"},"_links":{"self":[{"href":"https:\/\/libreriahistoriasdebolsillo.com\/index.php\/wp-json\/wp\/v2\/product\/845","targetHints":{"allow":["GET"]}}],"collection":[{"href":"https:\/\/libreriahistoriasdebolsillo.com\/index.php\/wp-json\/wp\/v2\/product"}],"about":[{"href":"https:\/\/libreriahistoriasdebolsillo.com\/index.php\/wp-json\/wp\/v2\/types\/product"}],"wp:featuredmedia":[{"embeddable":true,"href":"https:\/\/libreriahistoriasdebolsillo.com\/index.php\/wp-json\/wp\/v2\/media\/846"}],"wp:attachment":[{"href":"https:\/\/libreriahistoriasdebolsillo.com\/index.php\/wp-json\/wp\/v2\/media?parent=845"}],"wp:term":[{"taxonomy":"product_brand","embeddable":true,"href":"https:\/\/libreriahistoriasdebolsillo.com\/index.php\/wp-json\/wp\/v2\/product_brand?post=845"},{"taxonomy":"product_cat","embeddable":true,"href":"https:\/\/libreriahistoriasdebolsillo.com\/index.php\/wp-json\/wp\/v2\/product_cat?post=845"},{"taxonomy":"product_tag","embeddable":true,"href":"https:\/\/libreriahistoriasdebolsillo.com\/index.php\/wp-json\/wp\/v2\/product_tag?post=845"}],"curies":[{"name":"wp","href":"https:\/\/api.w.org\/{rel}","templated":true}]}}