{"id":864,"date":"2023-11-20T18:17:00","date_gmt":"2023-11-21T00:17:00","guid":{"rendered":"https:\/\/libreriahistoriasdebolsillo.com\/?post_type=product&#038;p=864"},"modified":"2024-08-13T17:01:09","modified_gmt":"2024-08-13T23:01:09","slug":"si-me-dices-que-no","status":"publish","type":"product","link":"https:\/\/libreriahistoriasdebolsillo.com\/index.php\/producto\/si-me-dices-que-no\/","title":{"rendered":"Si me dices que no"},"content":{"rendered":"<p><span class=\"a-text-bold\">\u00bfY SI DESCUBRES QUE EL CHICO QUE TE DETESTA EN REALIDAD EST\u00c1 LOCO POR TI?<\/span><\/p>\n<p>Hugo no soporta a las feministas y Bea no lo soporta a \u00e9l. Para poder ir de viaje con los dos, sus amigos aseguran a Bea que Hugo est\u00e1 loco por ella y a Hugo lo convencen de que Bea est\u00e1 terriblemente enamorada de \u00e9l. Todo es mentira, \u00bfo quiz\u00e1 no? Un concierto \u00fanico, seis amigos y un viaje que lo cambiar\u00e1 todo. Esto es Si me dices que no, una sexy y adictiva comedia rom\u00e1ntica de Wattpad.<\/p>\n","protected":false},"excerpt":{"rendered":"<p>Ava Draw<\/p>\n","protected":false},"featured_media":865,"template":"","meta":{"_joinchat":[]},"product_brand":[],"product_cat":[79,52,35],"product_tag":[34,57],"class_list":{"0":"post-864","1":"product","2":"type-product","3":"status-publish","4":"has-post-thumbnail","6":"product_cat-campana-punto-naranja","7":"product_cat-juvenil","8":"product_cat-romantica","9":"product_tag-penguin-random-house","10":"product_tag-wattpad","12":"first","13":"instock","14":"sale","15":"shipping-taxable","16":"purchasable","17":"product-type-simple"},"_links":{"self":[{"href":"https:\/\/libreriahistoriasdebolsillo.com\/index.php\/wp-json\/wp\/v2\/product\/864","targetHints":{"allow":["GET"]}}],"collection":[{"href":"https:\/\/libreriahistoriasdebolsillo.com\/index.php\/wp-json\/wp\/v2\/product"}],"about":[{"href":"https:\/\/libreriahistoriasdebolsillo.com\/index.php\/wp-json\/wp\/v2\/types\/product"}],"wp:featuredmedia":[{"embeddable":true,"href":"https:\/\/libreriahistoriasdebolsillo.com\/index.php\/wp-json\/wp\/v2\/media\/865"}],"wp:attachment":[{"href":"https:\/\/libreriahistoriasdebolsillo.com\/index.php\/wp-json\/wp\/v2\/media?parent=864"}],"wp:term":[{"taxonomy":"product_brand","embeddable":true,"href":"https:\/\/libreriahistoriasdebolsillo.com\/index.php\/wp-json\/wp\/v2\/product_brand?post=864"},{"taxonomy":"product_cat","embeddable":true,"href":"https:\/\/libreriahistoriasdebolsillo.com\/index.php\/wp-json\/wp\/v2\/product_cat?post=864"},{"taxonomy":"product_tag","embeddable":true,"href":"https:\/\/libreriahistoriasdebolsillo.com\/index.php\/wp-json\/wp\/v2\/product_tag?post=864"}],"curies":[{"name":"wp","href":"https:\/\/api.w.org\/{rel}","templated":true}]}}