{"id":867,"date":"2023-11-20T18:31:22","date_gmt":"2023-11-21T00:31:22","guid":{"rendered":"https:\/\/libreriahistoriasdebolsillo.com\/?post_type=product&#038;p=867"},"modified":"2023-11-21T16:17:15","modified_gmt":"2023-11-21T22:17:15","slug":"la-nina-polaca","status":"publish","type":"product","link":"https:\/\/libreriahistoriasdebolsillo.com\/index.php\/producto\/la-nina-polaca\/","title":{"rendered":"La ni\u00f1a Polaca"},"content":{"rendered":"<p><span class=\"a-text-bold\">La novela de M\u00f3nica Rojas no solo destierra del olvido la tragedia de la ocupaci\u00f3n de Polonia durante la Segunda Guerra Mundial, sino que reivindica la importancia de la que ser\u00e1 conocida desde entonces como La Peque\u00f1a Polonia en M\u00e9xico.<\/span><\/p>\n<p>Agosto de 1939. Mientras los l\u00edderes de la Uni\u00f3n Sovi\u00e9tica y la Alemania nazi se re\u00fanen en Mosc\u00fa para repartirse los territorios de Polonia, la joven Ania juega en el campo, ajena a toda barbarie. Sin embargo, todo cambia tras la ocupaci\u00f3n de su pueblito Komarno por tropas bolcheviques: ella y su familia ser\u00e1n trasladados al Gulag siberiano, donde trabajar\u00e1n sin descanso bajo un fr\u00edo inclemente, arriesgando cada d\u00eda su integridad f\u00edsica y viviendo bajo el despiadado peso de la desesperanza. Para sobrevivir, Ania deber\u00e1 atenerse a los recuerdos de Cezlaw, su primer amor; a la bondad de la anciana Olga, quien mantiene viva su curiosidad gracias a sus historias; y a la tierna devoci\u00f3n de sus padres. Por fortuna el destino quiso para Ania la oportunidad de abandonar el trabajo forzado y emigrar. Junto con su familia y otros muchos polacos, y tras una traves\u00eda extenuante, se instalar\u00e1n en la Hacienda de Santa Rosa en Guanajuato, M\u00e9xico, donde por fin encontrar\u00e1n la redenci\u00f3n y una nueva patria.<\/p>\n","protected":false},"excerpt":{"rendered":"<p>M\u00f3nica Rojas<\/p>\n","protected":false},"featured_media":868,"template":"","meta":{"_joinchat":[]},"product_brand":[],"product_cat":[33,55],"product_tag":[34],"class_list":{"0":"post-867","1":"product","2":"type-product","3":"status-publish","4":"has-post-thumbnail","6":"product_cat-ficcion-general","7":"product_cat-holocausto","8":"product_tag-penguin-random-house","10":"first","11":"outofstock","12":"shipping-taxable","13":"purchasable","14":"product-type-simple"},"_links":{"self":[{"href":"https:\/\/libreriahistoriasdebolsillo.com\/index.php\/wp-json\/wp\/v2\/product\/867","targetHints":{"allow":["GET"]}}],"collection":[{"href":"https:\/\/libreriahistoriasdebolsillo.com\/index.php\/wp-json\/wp\/v2\/product"}],"about":[{"href":"https:\/\/libreriahistoriasdebolsillo.com\/index.php\/wp-json\/wp\/v2\/types\/product"}],"wp:featuredmedia":[{"embeddable":true,"href":"https:\/\/libreriahistoriasdebolsillo.com\/index.php\/wp-json\/wp\/v2\/media\/868"}],"wp:attachment":[{"href":"https:\/\/libreriahistoriasdebolsillo.com\/index.php\/wp-json\/wp\/v2\/media?parent=867"}],"wp:term":[{"taxonomy":"product_brand","embeddable":true,"href":"https:\/\/libreriahistoriasdebolsillo.com\/index.php\/wp-json\/wp\/v2\/product_brand?post=867"},{"taxonomy":"product_cat","embeddable":true,"href":"https:\/\/libreriahistoriasdebolsillo.com\/index.php\/wp-json\/wp\/v2\/product_cat?post=867"},{"taxonomy":"product_tag","embeddable":true,"href":"https:\/\/libreriahistoriasdebolsillo.com\/index.php\/wp-json\/wp\/v2\/product_tag?post=867"}],"curies":[{"name":"wp","href":"https:\/\/api.w.org\/{rel}","templated":true}]}}