{"id":875,"date":"2023-11-20T18:36:55","date_gmt":"2023-11-21T00:36:55","guid":{"rendered":"https:\/\/libreriahistoriasdebolsillo.com\/?post_type=product&#038;p=875"},"modified":"2025-08-25T09:48:08","modified_gmt":"2025-08-25T15:48:08","slug":"las-gemelas-de-auschwitz","status":"publish","type":"product","link":"https:\/\/libreriahistoriasdebolsillo.com\/index.php\/producto\/las-gemelas-de-auschwitz\/","title":{"rendered":"Las gemelas de Auschwitz"},"content":{"rendered":"<p>La historia real de dos ni\u00f1as frente al \u00c1ngel de la Muerte.\u00a0 Eva Mozes Kor ten\u00eda s\u00f3lo diez a\u00f1os cuando lleg\u00f3 a Auschwitz. Sus padres y dos hermanas mayores fueron llevados a las c\u00e1maras de gas, pero ella y su gemela Miriam fueron puestas al cuidado del hombre conocido como el \u00c1ngel de la Muerte, el sanguinario doctor Josef Mengele, quien realizaba crueles experimentos sobre todos los gemelos que encontraba, en su delirante af\u00e1n por entender la gen\u00e9tica y mantener pura a la raza aria. En estas p\u00e1ginas, Kor relata c\u00f3mo luch\u00f3 a diario por su supervivencia y la de su hermana en condiciones infrahumanas frente a una maldad dif\u00edcil de comprender.<\/p>\n","protected":false},"excerpt":{"rendered":"<p>Eva Mozes Kor<\/p>\n","protected":false},"featured_media":876,"template":"","meta":{"_joinchat":[]},"product_brand":[],"product_cat":[56,41,55],"product_tag":[34],"class_list":{"0":"post-875","1":"product","2":"type-product","3":"status-publish","4":"has-post-thumbnail","6":"product_cat-historica","7":"product_cat-desarrollo-humano","8":"product_cat-holocausto","9":"product_tag-penguin-random-house","11":"first","12":"outofstock","13":"shipping-taxable","14":"purchasable","15":"product-type-simple"},"_links":{"self":[{"href":"https:\/\/libreriahistoriasdebolsillo.com\/index.php\/wp-json\/wp\/v2\/product\/875","targetHints":{"allow":["GET"]}}],"collection":[{"href":"https:\/\/libreriahistoriasdebolsillo.com\/index.php\/wp-json\/wp\/v2\/product"}],"about":[{"href":"https:\/\/libreriahistoriasdebolsillo.com\/index.php\/wp-json\/wp\/v2\/types\/product"}],"wp:featuredmedia":[{"embeddable":true,"href":"https:\/\/libreriahistoriasdebolsillo.com\/index.php\/wp-json\/wp\/v2\/media\/876"}],"wp:attachment":[{"href":"https:\/\/libreriahistoriasdebolsillo.com\/index.php\/wp-json\/wp\/v2\/media?parent=875"}],"wp:term":[{"taxonomy":"product_brand","embeddable":true,"href":"https:\/\/libreriahistoriasdebolsillo.com\/index.php\/wp-json\/wp\/v2\/product_brand?post=875"},{"taxonomy":"product_cat","embeddable":true,"href":"https:\/\/libreriahistoriasdebolsillo.com\/index.php\/wp-json\/wp\/v2\/product_cat?post=875"},{"taxonomy":"product_tag","embeddable":true,"href":"https:\/\/libreriahistoriasdebolsillo.com\/index.php\/wp-json\/wp\/v2\/product_tag?post=875"}],"curies":[{"name":"wp","href":"https:\/\/api.w.org\/{rel}","templated":true}]}}