{"id":877,"date":"2023-11-20T18:39:53","date_gmt":"2023-11-21T00:39:53","guid":{"rendered":"https:\/\/libreriahistoriasdebolsillo.com\/?post_type=product&#038;p=877"},"modified":"2024-06-15T15:23:50","modified_gmt":"2024-06-15T21:23:50","slug":"mi-vida-mas-alla-de-auschwitz-no-pudieron-con-nosotros","status":"publish","type":"product","link":"https:\/\/libreriahistoriasdebolsillo.com\/index.php\/producto\/mi-vida-mas-alla-de-auschwitz-no-pudieron-con-nosotros\/","title":{"rendered":"Mi vida m\u00e1s all\u00e1 de Auschwitz. No pudieron con nosotros"},"content":{"rendered":"<p><span class=\"a-text-bold\">Mi abuelo siempre dec\u00eda que el ser humano tiene la capacidad de olvidar, pero yo ten\u00eda la necesidad de saber qu\u00e9 era aquello que \u00e9l no quer\u00eda recordar.<\/span><\/p>\n<p>\u00abMe par\u00e9 sobre los lugares donde millones de personas vivieron la tragedia. Intent\u00e9 imaginarme todo el espanto, la masacre&#8230; Y pens\u00e9 en mi abuelo, un ni\u00f1o de tan s\u00f3lo 8 a\u00f1os, separado de su familia, siendo completamente torturado. A diferencia de m\u00ed, que entr\u00e9 sin que nadie me obligara y con la libertad de salir cuando quisiera. Me sent\u00ed orgullosa de mi abuelo pero al mismo tiempo imponente, triste y con mucho enojo. Vine para tratar de entender c\u00f3mo pudo ser posible, y me quedo con m\u00e1s dudas todav\u00eda. Vine en honor a mi abuelo que logr\u00f3 sobrevivir y, sobre todo, para demostrar que realmente no pudieron con nosotros\u00bb. Tatiana Poznanski, Auschwitz 2019<\/p>\n","protected":false},"excerpt":{"rendered":"<p>F\u00e9lix Poznanski<\/p>\n","protected":false},"featured_media":878,"template":"","meta":{"_joinchat":[]},"product_brand":[],"product_cat":[56,41,51,55],"product_tag":[34],"class_list":{"0":"post-877","1":"product","2":"type-product","3":"status-publish","4":"has-post-thumbnail","6":"product_cat-historica","7":"product_cat-desarrollo-humano","8":"product_cat-oferta","9":"product_cat-holocausto","10":"product_tag-penguin-random-house","12":"first","13":"outofstock","14":"sale","15":"shipping-taxable","16":"purchasable","17":"product-type-simple"},"_links":{"self":[{"href":"https:\/\/libreriahistoriasdebolsillo.com\/index.php\/wp-json\/wp\/v2\/product\/877","targetHints":{"allow":["GET"]}}],"collection":[{"href":"https:\/\/libreriahistoriasdebolsillo.com\/index.php\/wp-json\/wp\/v2\/product"}],"about":[{"href":"https:\/\/libreriahistoriasdebolsillo.com\/index.php\/wp-json\/wp\/v2\/types\/product"}],"wp:featuredmedia":[{"embeddable":true,"href":"https:\/\/libreriahistoriasdebolsillo.com\/index.php\/wp-json\/wp\/v2\/media\/878"}],"wp:attachment":[{"href":"https:\/\/libreriahistoriasdebolsillo.com\/index.php\/wp-json\/wp\/v2\/media?parent=877"}],"wp:term":[{"taxonomy":"product_brand","embeddable":true,"href":"https:\/\/libreriahistoriasdebolsillo.com\/index.php\/wp-json\/wp\/v2\/product_brand?post=877"},{"taxonomy":"product_cat","embeddable":true,"href":"https:\/\/libreriahistoriasdebolsillo.com\/index.php\/wp-json\/wp\/v2\/product_cat?post=877"},{"taxonomy":"product_tag","embeddable":true,"href":"https:\/\/libreriahistoriasdebolsillo.com\/index.php\/wp-json\/wp\/v2\/product_tag?post=877"}],"curies":[{"name":"wp","href":"https:\/\/api.w.org\/{rel}","templated":true}]}}