{"id":883,"date":"2023-11-20T18:44:05","date_gmt":"2023-11-21T00:44:05","guid":{"rendered":"https:\/\/libreriahistoriasdebolsillo.com\/?post_type=product&#038;p=883"},"modified":"2023-12-09T15:24:52","modified_gmt":"2023-12-09T21:24:52","slug":"la-catadora-de-hitler","status":"publish","type":"product","link":"https:\/\/libreriahistoriasdebolsillo.com\/index.php\/producto\/la-catadora-de-hitler\/","title":{"rendered":"La catadora de Hitler"},"content":{"rendered":"<p><span class=\"a-text-bold\">\u00bfHitler se suicid\u00f3 o fue asesinado por uno de sus m\u00e1s cercanos colaboradores? Bas\u00e1ndose en la estremecedora historia de Margot W\u00f6lk, V. S. Alexander ha escrito un absorbente thriller que pone en duda lo que sabemos sobre la muerte del F\u00fchrer.<\/span><\/p>\n<p>Cuando los bombardeos de los Aliados comienzan a caer sobre Berl\u00edn, los padres de Magda deciden enviarla con sus t\u00edos a las monta\u00f1as, donde le consiguen un trabajo en el Berghof, el lugar de descanso de Hitler. Tras una serie de rigurosos ex\u00e1menes f\u00edsicos y mentales, es asignada a la cocina. \u00bfSu labor? Formar\u00e1 parte del grupo de mujeres dedicadas a catar los alimentos del F\u00fchrer para asegurarse de que no est\u00e9n envenenados.<\/p>\n<p>En medio de la belleza de los Alpes b\u00e1varos, poco a poco Magda se olvida de los horrores de la guerra y del peligro que arrastra su nuevo trabajo. Sin embargo esta aparente calma se esfumar\u00e1 cuando conozca al capit\u00e1n de las SS Karl Weber, un conspirador que intenta convencerla de que el F\u00fchrer debe morir y ella es la pieza m\u00e1s importante de un complot que pondr\u00e1 a prueba su inteligencia y lealtad.<\/p>\n<p><span class=\"a-text-bold\">La novela inspirada en la vida de Margot W\u00f6lk, catadora del F\u00fchrer.<\/span><\/p>\n","protected":false},"excerpt":{"rendered":"<p>V.S. Alexander<\/p>\n","protected":false},"featured_media":884,"template":"","meta":{"_joinchat":[]},"product_brand":[],"product_cat":[33,55],"product_tag":[45],"class_list":{"0":"post-883","1":"product","2":"type-product","3":"status-publish","4":"has-post-thumbnail","6":"product_cat-ficcion-general","7":"product_cat-holocausto","8":"product_tag-planeta","10":"first","11":"outofstock","12":"shipping-taxable","13":"purchasable","14":"product-type-simple"},"_links":{"self":[{"href":"https:\/\/libreriahistoriasdebolsillo.com\/index.php\/wp-json\/wp\/v2\/product\/883","targetHints":{"allow":["GET"]}}],"collection":[{"href":"https:\/\/libreriahistoriasdebolsillo.com\/index.php\/wp-json\/wp\/v2\/product"}],"about":[{"href":"https:\/\/libreriahistoriasdebolsillo.com\/index.php\/wp-json\/wp\/v2\/types\/product"}],"wp:featuredmedia":[{"embeddable":true,"href":"https:\/\/libreriahistoriasdebolsillo.com\/index.php\/wp-json\/wp\/v2\/media\/884"}],"wp:attachment":[{"href":"https:\/\/libreriahistoriasdebolsillo.com\/index.php\/wp-json\/wp\/v2\/media?parent=883"}],"wp:term":[{"taxonomy":"product_brand","embeddable":true,"href":"https:\/\/libreriahistoriasdebolsillo.com\/index.php\/wp-json\/wp\/v2\/product_brand?post=883"},{"taxonomy":"product_cat","embeddable":true,"href":"https:\/\/libreriahistoriasdebolsillo.com\/index.php\/wp-json\/wp\/v2\/product_cat?post=883"},{"taxonomy":"product_tag","embeddable":true,"href":"https:\/\/libreriahistoriasdebolsillo.com\/index.php\/wp-json\/wp\/v2\/product_tag?post=883"}],"curies":[{"name":"wp","href":"https:\/\/api.w.org\/{rel}","templated":true}]}}