{"id":889,"date":"2023-11-20T18:48:04","date_gmt":"2023-11-21T00:48:04","guid":{"rendered":"https:\/\/libreriahistoriasdebolsillo.com\/?post_type=product&#038;p=889"},"modified":"2025-06-30T17:10:02","modified_gmt":"2025-06-30T23:10:02","slug":"el-chico-sobre-la-caja-de-madera","status":"publish","type":"product","link":"https:\/\/libreriahistoriasdebolsillo.com\/index.php\/producto\/el-chico-sobre-la-caja-de-madera\/","title":{"rendered":"El chico sobre la caja de madera"},"content":{"rendered":"<p>Leon Leyson ten\u00eda poco m\u00e1s de diez a\u00f1os cuando las tropas nazis invadieron Polonia, iniciando el exterminio de miles de jud\u00edos en este pa\u00eds. \u00c9l y su familia fueron v\u00edctimas de este horror, pero a la vez tuvieron la fortuna de ser parte de la hoy famosa lista de Schindler, fueron rescatados gracias a la arriesgada estrategia del comerciante alem\u00e1n Oskar Schindler, salvando sus vidas. Este libro es un relato autobiogr\u00e1fico, que Leon termin\u00f3 de escribir poco antes de morir, en enero de 2013, narra su infancia feliz antes de comienzo de la guerra y el enorme contraste con la masacre que se produjo despu\u00e9s.<\/p>\n","protected":false},"excerpt":{"rendered":"<p>Leon Leyson<\/p>\n","protected":false},"featured_media":890,"template":"","meta":{"_joinchat":[]},"product_brand":[],"product_cat":[56,41,55],"product_tag":[48],"class_list":{"0":"post-889","1":"product","2":"type-product","3":"status-publish","4":"has-post-thumbnail","6":"product_cat-historica","7":"product_cat-desarrollo-humano","8":"product_cat-holocausto","9":"product_tag-vr-editoras","11":"first","12":"outofstock","13":"shipping-taxable","14":"purchasable","15":"product-type-simple"},"_links":{"self":[{"href":"https:\/\/libreriahistoriasdebolsillo.com\/index.php\/wp-json\/wp\/v2\/product\/889","targetHints":{"allow":["GET"]}}],"collection":[{"href":"https:\/\/libreriahistoriasdebolsillo.com\/index.php\/wp-json\/wp\/v2\/product"}],"about":[{"href":"https:\/\/libreriahistoriasdebolsillo.com\/index.php\/wp-json\/wp\/v2\/types\/product"}],"wp:featuredmedia":[{"embeddable":true,"href":"https:\/\/libreriahistoriasdebolsillo.com\/index.php\/wp-json\/wp\/v2\/media\/890"}],"wp:attachment":[{"href":"https:\/\/libreriahistoriasdebolsillo.com\/index.php\/wp-json\/wp\/v2\/media?parent=889"}],"wp:term":[{"taxonomy":"product_brand","embeddable":true,"href":"https:\/\/libreriahistoriasdebolsillo.com\/index.php\/wp-json\/wp\/v2\/product_brand?post=889"},{"taxonomy":"product_cat","embeddable":true,"href":"https:\/\/libreriahistoriasdebolsillo.com\/index.php\/wp-json\/wp\/v2\/product_cat?post=889"},{"taxonomy":"product_tag","embeddable":true,"href":"https:\/\/libreriahistoriasdebolsillo.com\/index.php\/wp-json\/wp\/v2\/product_tag?post=889"}],"curies":[{"name":"wp","href":"https:\/\/api.w.org\/{rel}","templated":true}]}}