{"id":892,"date":"2023-11-20T18:50:26","date_gmt":"2023-11-21T00:50:26","guid":{"rendered":"https:\/\/libreriahistoriasdebolsillo.com\/?post_type=product&#038;p=892"},"modified":"2024-05-30T09:11:50","modified_gmt":"2024-05-30T15:11:50","slug":"putzi-el-confidente-de-hitler","status":"publish","type":"product","link":"https:\/\/libreriahistoriasdebolsillo.com\/index.php\/producto\/putzi-el-confidente-de-hitler\/","title":{"rendered":"Putzi. El confidente de Hitler"},"content":{"rendered":"<p><span class=\"a-text-bold\">Una apasionante novela sobre la incre\u00edble vida de Ernst Hanfstaengl, el confidente y pianista de Hitler, quien ayud\u00f3 a crear el monstruo del nazismo para luego tratar de destruirlo.<\/span><\/p>\n<p>Med\u00eda dos metros de altura pero lo apodaban Putzi, hombrecito en b\u00e1varo. Marchante de arte en el Nueva York bohemio de 1910, amante en aquella \u00e9poca de Djuna Barnes y m\u00fasico en su tiempo libre, Ernst Hanfstaengl se convirti\u00f3 diez a\u00f1os despu\u00e9s en el confidente y pianista de Hitler. Su incre\u00edble exilio al perder el favor de \u00e9ste lo llev\u00f3 hasta el presidente Roosevelt, quien durante la IIGM lo convertir\u00eda en su principal informante sobre el F\u00fchrer.<\/p>\n<p><span class=\"a-text-italic\">Putzi. El confidente de Hitler<\/span>\u00a0rescata a uno de los personajes m\u00e1s desconocidos y fascinantes del S.XX: para algunos fue un traidor o un buf\u00f3n sin consecuencia, para otros, uno de los artesanos del mal. Pero su tr\u00e1gica y burlesca historia, envuelta en misterio, es la de un h\u00e9roe de novela. La novela de un siglo de esplendor y desastre, en la que el lector se cruzar\u00e1 con Goebbels, G\u00f6ring y las hermanas Mitford, pero tambi\u00e9n con Thomas Mann, Charles Chaplin o John Reed.<\/p>\n","protected":false},"excerpt":{"rendered":"<p>Thomas Sn\u00e9garoff<\/p>\n","protected":false},"featured_media":893,"template":"","meta":{"_joinchat":[]},"product_brand":[],"product_cat":[33,55],"product_tag":[45],"class_list":{"0":"post-892","1":"product","2":"type-product","3":"status-publish","4":"has-post-thumbnail","6":"product_cat-ficcion-general","7":"product_cat-holocausto","8":"product_tag-planeta","10":"first","11":"outofstock","12":"shipping-taxable","13":"purchasable","14":"product-type-simple"},"_links":{"self":[{"href":"https:\/\/libreriahistoriasdebolsillo.com\/index.php\/wp-json\/wp\/v2\/product\/892","targetHints":{"allow":["GET"]}}],"collection":[{"href":"https:\/\/libreriahistoriasdebolsillo.com\/index.php\/wp-json\/wp\/v2\/product"}],"about":[{"href":"https:\/\/libreriahistoriasdebolsillo.com\/index.php\/wp-json\/wp\/v2\/types\/product"}],"wp:featuredmedia":[{"embeddable":true,"href":"https:\/\/libreriahistoriasdebolsillo.com\/index.php\/wp-json\/wp\/v2\/media\/893"}],"wp:attachment":[{"href":"https:\/\/libreriahistoriasdebolsillo.com\/index.php\/wp-json\/wp\/v2\/media?parent=892"}],"wp:term":[{"taxonomy":"product_brand","embeddable":true,"href":"https:\/\/libreriahistoriasdebolsillo.com\/index.php\/wp-json\/wp\/v2\/product_brand?post=892"},{"taxonomy":"product_cat","embeddable":true,"href":"https:\/\/libreriahistoriasdebolsillo.com\/index.php\/wp-json\/wp\/v2\/product_cat?post=892"},{"taxonomy":"product_tag","embeddable":true,"href":"https:\/\/libreriahistoriasdebolsillo.com\/index.php\/wp-json\/wp\/v2\/product_tag?post=892"}],"curies":[{"name":"wp","href":"https:\/\/api.w.org\/{rel}","templated":true}]}}