{"id":899,"date":"2023-11-20T18:56:37","date_gmt":"2023-11-21T00:56:37","guid":{"rendered":"https:\/\/libreriahistoriasdebolsillo.com\/?post_type=product&#038;p=899"},"modified":"2024-02-06T17:34:04","modified_gmt":"2024-02-06T23:34:04","slug":"mundo-mitico-colorea-leyendas-fascinantes","status":"publish","type":"product","link":"https:\/\/libreriahistoriasdebolsillo.com\/index.php\/producto\/mundo-mitico-colorea-leyendas-fascinantes\/","title":{"rendered":"Mundo m\u00edtico. Colorea leyendas fascinantes"},"content":{"rendered":"<p>As\u00f3mbrate con este fabuloso universo, donde los personajes mitol\u00f3gicos cobran vida. Descubre la riqueza de las leyendas ancestrales que protagonizan y de los ic\u00f3nicos paisajes que habitan. \u00a1Llena de color los detalles de estas enigm\u00e1ticas criaturas!<\/p>\n","protected":false},"excerpt":{"rendered":"<p>Kerby Rosanes<\/p>\n","protected":false},"featured_media":900,"template":"","meta":{"_joinchat":[]},"product_brand":[],"product_cat":[50],"product_tag":[48],"class_list":{"0":"post-899","1":"product","2":"type-product","3":"status-publish","4":"has-post-thumbnail","6":"product_cat-mandalas-y-libros-para-colorear","7":"product_tag-vr-editoras","9":"first","10":"outofstock","11":"shipping-taxable","12":"purchasable","13":"product-type-simple"},"_links":{"self":[{"href":"https:\/\/libreriahistoriasdebolsillo.com\/index.php\/wp-json\/wp\/v2\/product\/899","targetHints":{"allow":["GET"]}}],"collection":[{"href":"https:\/\/libreriahistoriasdebolsillo.com\/index.php\/wp-json\/wp\/v2\/product"}],"about":[{"href":"https:\/\/libreriahistoriasdebolsillo.com\/index.php\/wp-json\/wp\/v2\/types\/product"}],"wp:featuredmedia":[{"embeddable":true,"href":"https:\/\/libreriahistoriasdebolsillo.com\/index.php\/wp-json\/wp\/v2\/media\/900"}],"wp:attachment":[{"href":"https:\/\/libreriahistoriasdebolsillo.com\/index.php\/wp-json\/wp\/v2\/media?parent=899"}],"wp:term":[{"taxonomy":"product_brand","embeddable":true,"href":"https:\/\/libreriahistoriasdebolsillo.com\/index.php\/wp-json\/wp\/v2\/product_brand?post=899"},{"taxonomy":"product_cat","embeddable":true,"href":"https:\/\/libreriahistoriasdebolsillo.com\/index.php\/wp-json\/wp\/v2\/product_cat?post=899"},{"taxonomy":"product_tag","embeddable":true,"href":"https:\/\/libreriahistoriasdebolsillo.com\/index.php\/wp-json\/wp\/v2\/product_tag?post=899"}],"curies":[{"name":"wp","href":"https:\/\/api.w.org\/{rel}","templated":true}]}}