{"id":906,"date":"2023-11-20T19:03:35","date_gmt":"2023-11-21T01:03:35","guid":{"rendered":"https:\/\/libreriahistoriasdebolsillo.com\/?post_type=product&#038;p=906"},"modified":"2025-02-13T18:49:12","modified_gmt":"2025-02-14T00:49:12","slug":"coloreanding-botanica","status":"publish","type":"product","link":"https:\/\/libreriahistoriasdebolsillo.com\/index.php\/producto\/coloreanding-botanica\/","title":{"rendered":"#Coloreanding B\u00f3tanica"},"content":{"rendered":"<p>Te doy la bienvenida al reino de las plantas, que es otra forma de contar la historia del mundo. Con este libro aprender\u00e1s c\u00f3mo las migraciones, guerras y conquistas lograron que afuera de nuestra casa haya un lim\u00f3n que lleg\u00f3 del Himalaya y las calles est\u00e9n llenas de bugambilias, originarias de Brasil. Piratas, mercaderes, monjes, reyes y exploradores bot\u00e1nicos se encontrar\u00edan as\u00ed mismos en estas flores, frutos, hongos y vegetales que ahora pueden adornar tu casa. Colorea con los ojos de quien observa algo por primera vez. T\u00f3mate tu tiempo, acompa\u00f1a la actividad con un t\u00e9, m\u00fasica y aromas de incienso&#8230; encuentra el momento para descubrir los misterios que cada hoja esconde para ti.<\/p>\n","protected":false},"excerpt":{"rendered":"<p>Malacara y Gale<\/p>\n","protected":false},"featured_media":907,"template":"","meta":{"_joinchat":[]},"product_brand":[],"product_cat":[50],"product_tag":[48],"class_list":{"0":"post-906","1":"product","2":"type-product","3":"status-publish","4":"has-post-thumbnail","6":"product_cat-mandalas-y-libros-para-colorear","7":"product_tag-vr-editoras","9":"first","10":"outofstock","11":"shipping-taxable","12":"purchasable","13":"product-type-simple"},"_links":{"self":[{"href":"https:\/\/libreriahistoriasdebolsillo.com\/index.php\/wp-json\/wp\/v2\/product\/906","targetHints":{"allow":["GET"]}}],"collection":[{"href":"https:\/\/libreriahistoriasdebolsillo.com\/index.php\/wp-json\/wp\/v2\/product"}],"about":[{"href":"https:\/\/libreriahistoriasdebolsillo.com\/index.php\/wp-json\/wp\/v2\/types\/product"}],"wp:featuredmedia":[{"embeddable":true,"href":"https:\/\/libreriahistoriasdebolsillo.com\/index.php\/wp-json\/wp\/v2\/media\/907"}],"wp:attachment":[{"href":"https:\/\/libreriahistoriasdebolsillo.com\/index.php\/wp-json\/wp\/v2\/media?parent=906"}],"wp:term":[{"taxonomy":"product_brand","embeddable":true,"href":"https:\/\/libreriahistoriasdebolsillo.com\/index.php\/wp-json\/wp\/v2\/product_brand?post=906"},{"taxonomy":"product_cat","embeddable":true,"href":"https:\/\/libreriahistoriasdebolsillo.com\/index.php\/wp-json\/wp\/v2\/product_cat?post=906"},{"taxonomy":"product_tag","embeddable":true,"href":"https:\/\/libreriahistoriasdebolsillo.com\/index.php\/wp-json\/wp\/v2\/product_tag?post=906"}],"curies":[{"name":"wp","href":"https:\/\/api.w.org\/{rel}","templated":true}]}}