{"id":911,"date":"2023-11-20T19:05:42","date_gmt":"2023-11-21T01:05:42","guid":{"rendered":"https:\/\/libreriahistoriasdebolsillo.com\/?post_type=product&#038;p=911"},"modified":"2025-02-13T18:49:07","modified_gmt":"2025-02-14T00:49:07","slug":"coloreanding-positivo","status":"publish","type":"product","link":"https:\/\/libreriahistoriasdebolsillo.com\/index.php\/producto\/coloreanding-positivo\/","title":{"rendered":"#Coloreanding Positivo"},"content":{"rendered":"<p>Ilumina tu d\u00eda con frases y palabras positivas, llenas de energ\u00eda y buena vibra. Dib\u00fajalas, rec\u00f3rtalas y p\u00e9galas por todo tu mundo, donde las necesites m\u00e1s, en el espejo, en tu trabajo, al llegar a casa o al salir. Si somos lo que pensamos, entonces cambiemos desde adentro: cada vez que veas \u00abtu frase\u00bb rep\u00edtela, rep\u00edtela, rep\u00edtela, hasta que subconsciente la asuma como la verdad de tus d\u00edas y de tu vida.<\/p>\n","protected":false},"excerpt":{"rendered":"<p>Gaba&amp;Gale<\/p>\n","protected":false},"featured_media":912,"template":"","meta":{"_joinchat":[]},"product_brand":[],"product_cat":[50],"product_tag":[48],"class_list":{"0":"post-911","1":"product","2":"type-product","3":"status-publish","4":"has-post-thumbnail","6":"product_cat-mandalas-y-libros-para-colorear","7":"product_tag-vr-editoras","9":"first","10":"outofstock","11":"shipping-taxable","12":"purchasable","13":"product-type-simple"},"_links":{"self":[{"href":"https:\/\/libreriahistoriasdebolsillo.com\/index.php\/wp-json\/wp\/v2\/product\/911","targetHints":{"allow":["GET"]}}],"collection":[{"href":"https:\/\/libreriahistoriasdebolsillo.com\/index.php\/wp-json\/wp\/v2\/product"}],"about":[{"href":"https:\/\/libreriahistoriasdebolsillo.com\/index.php\/wp-json\/wp\/v2\/types\/product"}],"wp:featuredmedia":[{"embeddable":true,"href":"https:\/\/libreriahistoriasdebolsillo.com\/index.php\/wp-json\/wp\/v2\/media\/912"}],"wp:attachment":[{"href":"https:\/\/libreriahistoriasdebolsillo.com\/index.php\/wp-json\/wp\/v2\/media?parent=911"}],"wp:term":[{"taxonomy":"product_brand","embeddable":true,"href":"https:\/\/libreriahistoriasdebolsillo.com\/index.php\/wp-json\/wp\/v2\/product_brand?post=911"},{"taxonomy":"product_cat","embeddable":true,"href":"https:\/\/libreriahistoriasdebolsillo.com\/index.php\/wp-json\/wp\/v2\/product_cat?post=911"},{"taxonomy":"product_tag","embeddable":true,"href":"https:\/\/libreriahistoriasdebolsillo.com\/index.php\/wp-json\/wp\/v2\/product_tag?post=911"}],"curies":[{"name":"wp","href":"https:\/\/api.w.org\/{rel}","templated":true}]}}