{"id":943,"date":"2023-11-21T10:33:03","date_gmt":"2023-11-21T16:33:03","guid":{"rendered":"https:\/\/libreriahistoriasdebolsillo.com\/?post_type=product&#038;p=943"},"modified":"2024-01-16T18:04:22","modified_gmt":"2024-01-17T00:04:22","slug":"tarot-marsella","status":"publish","type":"product","link":"https:\/\/libreriahistoriasdebolsillo.com\/index.php\/producto\/tarot-marsella\/","title":{"rendered":"Tarot Marsella"},"content":{"rendered":"<p>El Tarot de Marsella ha fascinado a millones de personas desde su aparici\u00f3n en el a\u00f1o 1760. Desde entonces se ha reinterpretado a lo largo del tiempo sin perder su esencia. Este mazo de Tarot de Marsella fue elaborado cuidando cada uno de los detalles para mantener su riqueza inicial. Contiene 22 arcanos mayores que en figuras arquet\u00edpicas guardan secretos sobre diferentes momentos de la vida y 56 arcanos menores que entregan detalles cotidianos de acuerdo a las 4 grandes \u00e1reas de vida: mental, emocional, material y espiritual y qu\u00e9 juntos proporcionan una lectura completa. En esta gu\u00eda encontrar\u00e1s los significados de cada una de las cartas tanto en Sus aspectos positivos, corno en los aspectos negativos. As\u00ed mismo, incluye algunos ejemplos de tiradas que pueden servirte de gu\u00eda para su lectura<\/p>\n","protected":false},"excerpt":{"rendered":"<p>Ana Elisa Moreno Manzanilla<\/p>\n","protected":false},"featured_media":944,"template":"","meta":{"_joinchat":[]},"product_brand":[],"product_cat":[59,41,51],"product_tag":[47],"class_list":{"0":"post-943","1":"product","2":"type-product","3":"status-publish","4":"has-post-thumbnail","6":"product_cat-esoterismo","7":"product_cat-desarrollo-humano","8":"product_cat-oferta","9":"product_tag-editories-mexicanos-unidos","11":"first","12":"outofstock","13":"sale","14":"shipping-taxable","15":"purchasable","16":"product-type-simple"},"_links":{"self":[{"href":"https:\/\/libreriahistoriasdebolsillo.com\/index.php\/wp-json\/wp\/v2\/product\/943","targetHints":{"allow":["GET"]}}],"collection":[{"href":"https:\/\/libreriahistoriasdebolsillo.com\/index.php\/wp-json\/wp\/v2\/product"}],"about":[{"href":"https:\/\/libreriahistoriasdebolsillo.com\/index.php\/wp-json\/wp\/v2\/types\/product"}],"wp:featuredmedia":[{"embeddable":true,"href":"https:\/\/libreriahistoriasdebolsillo.com\/index.php\/wp-json\/wp\/v2\/media\/944"}],"wp:attachment":[{"href":"https:\/\/libreriahistoriasdebolsillo.com\/index.php\/wp-json\/wp\/v2\/media?parent=943"}],"wp:term":[{"taxonomy":"product_brand","embeddable":true,"href":"https:\/\/libreriahistoriasdebolsillo.com\/index.php\/wp-json\/wp\/v2\/product_brand?post=943"},{"taxonomy":"product_cat","embeddable":true,"href":"https:\/\/libreriahistoriasdebolsillo.com\/index.php\/wp-json\/wp\/v2\/product_cat?post=943"},{"taxonomy":"product_tag","embeddable":true,"href":"https:\/\/libreriahistoriasdebolsillo.com\/index.php\/wp-json\/wp\/v2\/product_tag?post=943"}],"curies":[{"name":"wp","href":"https:\/\/api.w.org\/{rel}","templated":true}]}}