{"id":952,"date":"2023-11-21T10:39:27","date_gmt":"2023-11-21T16:39:27","guid":{"rendered":"https:\/\/libreriahistoriasdebolsillo.com\/?post_type=product&#038;p=952"},"modified":"2024-02-06T17:33:24","modified_gmt":"2024-02-06T23:33:24","slug":"enciende-tu-corazon-77-rituales","status":"publish","type":"product","link":"https:\/\/libreriahistoriasdebolsillo.com\/index.php\/producto\/enciende-tu-corazon-77-rituales\/","title":{"rendered":"Enciende tu coraz\u00f3n. 77 rituales"},"content":{"rendered":"<p>\u00bfCu\u00e1l es la temperatura de tu coraz\u00f3n? \u00bfLa sientes?<\/p>\n<p>Existe una sincron\u00eda mel\u00f3dica entre la respiraci\u00f3n, las emociones y el cerebro; un ritmo que te permitir\u00e1 convertir cada inhalaci\u00f3n en un acto genuino de agradecimiento.<\/p>\n<p>En este libro encontrar\u00e1s 77 rituales, 77 pr\u00e1cticas poderosas y simples para observar tu mente, honrar tu nombre, cambiar la narrativa, conectar con los elementos, elegir lo que ingieres a niveles sutiles y f\u00edsicos, manejar tus espacios de descanso y afinar tu frecuencia vibratoria. 77 respuestas que te invitan a la acci\u00f3n y a la pr\u00e1ctica consciente para recalibrar y despertar.<\/p>\n<p>Identifica tu latido, encuentra tu pulso, despierta la inigualable inteligencia del coraz\u00f3n.<\/p>\n","protected":false},"excerpt":{"rendered":"<p>Cynthia Zak<\/p>\n","protected":false},"featured_media":953,"template":"","meta":{"_joinchat":[]},"product_brand":[],"product_cat":[58,59,41],"product_tag":[48],"class_list":{"0":"post-952","1":"product","2":"type-product","3":"status-publish","4":"has-post-thumbnail","6":"product_cat-desarrollo-humano-y-superacion","7":"product_cat-esoterismo","8":"product_cat-desarrollo-humano","9":"product_tag-vr-editoras","11":"first","12":"outofstock","13":"shipping-taxable","14":"purchasable","15":"product-type-simple"},"_links":{"self":[{"href":"https:\/\/libreriahistoriasdebolsillo.com\/index.php\/wp-json\/wp\/v2\/product\/952","targetHints":{"allow":["GET"]}}],"collection":[{"href":"https:\/\/libreriahistoriasdebolsillo.com\/index.php\/wp-json\/wp\/v2\/product"}],"about":[{"href":"https:\/\/libreriahistoriasdebolsillo.com\/index.php\/wp-json\/wp\/v2\/types\/product"}],"wp:featuredmedia":[{"embeddable":true,"href":"https:\/\/libreriahistoriasdebolsillo.com\/index.php\/wp-json\/wp\/v2\/media\/953"}],"wp:attachment":[{"href":"https:\/\/libreriahistoriasdebolsillo.com\/index.php\/wp-json\/wp\/v2\/media?parent=952"}],"wp:term":[{"taxonomy":"product_brand","embeddable":true,"href":"https:\/\/libreriahistoriasdebolsillo.com\/index.php\/wp-json\/wp\/v2\/product_brand?post=952"},{"taxonomy":"product_cat","embeddable":true,"href":"https:\/\/libreriahistoriasdebolsillo.com\/index.php\/wp-json\/wp\/v2\/product_cat?post=952"},{"taxonomy":"product_tag","embeddable":true,"href":"https:\/\/libreriahistoriasdebolsillo.com\/index.php\/wp-json\/wp\/v2\/product_tag?post=952"}],"curies":[{"name":"wp","href":"https:\/\/api.w.org\/{rel}","templated":true}]}}