{"id":960,"date":"2023-11-21T11:05:04","date_gmt":"2023-11-21T17:05:04","guid":{"rendered":"https:\/\/libreriahistoriasdebolsillo.com\/?post_type=product&#038;p=960"},"modified":"2023-11-21T11:05:04","modified_gmt":"2023-11-21T17:05:04","slug":"guia-de-numerologia-para-principiantes","status":"publish","type":"product","link":"https:\/\/libreriahistoriasdebolsillo.com\/index.php\/producto\/guia-de-numerologia-para-principiantes\/","title":{"rendered":"Gu\u00eda de numerolog\u00eda para principiantes"},"content":{"rendered":"<p><strong><em>Descifra tus relaciones, mejora tus oportunidades, descubre tu destino.<\/em><\/strong><\/p>\n<p>Has estado rodeado de n\u00fameros desde el d\u00eda que naciste. Es hora de que los uses para descifrar tu destino. Cada nombre, cada dato y patr\u00f3n num\u00e9rico en tu vida contiene un significado oculto y espiritual.<\/p>\n<p>La numerolog\u00eda es el sistema que revela esos significados profundos para que aprendas sobre ti y las personas importantes que te rodean. Descubre las conexiones m\u00edsticas que tienes con tu futuro y fortalece tus poderes intuitivos.<\/p>\n<p>Este libro te ayudar\u00e1 a sacar el m\u00e1ximo provecho para entender el prop\u00f3sito de tu alma, aprender\u00e1s a relacionarte mejor con los dem\u00e1s y tomar\u00e1s decisiones m\u00e1s conscientes. Explotar\u00e1s tu potencial para despertar y entender las vibraciones del universo. Al comprender el significado oculto de los n\u00fameros, desarrollar\u00e1s un mejor conocimiento sobre ti y los otros.<\/p>\n<p>\u00a1Atr\u00e9vete a explorar este camino!<\/p>\n","protected":false},"excerpt":{"rendered":"<p>Joy Woodward<\/p>\n","protected":false},"featured_media":961,"template":"","meta":{"_joinchat":[]},"product_brand":[],"product_cat":[59,41],"product_tag":[48],"class_list":{"0":"post-960","1":"product","2":"type-product","3":"status-publish","4":"has-post-thumbnail","6":"product_cat-esoterismo","7":"product_cat-desarrollo-humano","8":"product_tag-vr-editoras","10":"first","11":"instock","12":"shipping-taxable","13":"purchasable","14":"product-type-simple"},"_links":{"self":[{"href":"https:\/\/libreriahistoriasdebolsillo.com\/index.php\/wp-json\/wp\/v2\/product\/960","targetHints":{"allow":["GET"]}}],"collection":[{"href":"https:\/\/libreriahistoriasdebolsillo.com\/index.php\/wp-json\/wp\/v2\/product"}],"about":[{"href":"https:\/\/libreriahistoriasdebolsillo.com\/index.php\/wp-json\/wp\/v2\/types\/product"}],"wp:featuredmedia":[{"embeddable":true,"href":"https:\/\/libreriahistoriasdebolsillo.com\/index.php\/wp-json\/wp\/v2\/media\/961"}],"wp:attachment":[{"href":"https:\/\/libreriahistoriasdebolsillo.com\/index.php\/wp-json\/wp\/v2\/media?parent=960"}],"wp:term":[{"taxonomy":"product_brand","embeddable":true,"href":"https:\/\/libreriahistoriasdebolsillo.com\/index.php\/wp-json\/wp\/v2\/product_brand?post=960"},{"taxonomy":"product_cat","embeddable":true,"href":"https:\/\/libreriahistoriasdebolsillo.com\/index.php\/wp-json\/wp\/v2\/product_cat?post=960"},{"taxonomy":"product_tag","embeddable":true,"href":"https:\/\/libreriahistoriasdebolsillo.com\/index.php\/wp-json\/wp\/v2\/product_tag?post=960"}],"curies":[{"name":"wp","href":"https:\/\/api.w.org\/{rel}","templated":true}]}}