{"id":963,"date":"2023-11-21T11:11:26","date_gmt":"2023-11-21T17:11:26","guid":{"rendered":"https:\/\/libreriahistoriasdebolsillo.com\/?post_type=product&#038;p=963"},"modified":"2024-01-20T10:41:59","modified_gmt":"2024-01-20T16:41:59","slug":"medita-guia-indispensable-para-principiantes","status":"publish","type":"product","link":"https:\/\/libreriahistoriasdebolsillo.com\/index.php\/producto\/medita-guia-indispensable-para-principiantes\/","title":{"rendered":"Medita. Gu\u00eda indispensable para principiantes"},"content":{"rendered":"<p>Tienes en tus manos la manera m\u00e1s sencilla y pr\u00e1ctica para sumergirte en este ejercicio milenario: un mapa que te llevar\u00e1 hacia una vida llena de beneficios.<\/p>\n<p><strong><em>Medita: gu\u00eda indispensable para principiantes\u00a0<\/em><\/strong>es un programa de diez d\u00edas con el que podr\u00e1s entrenar tu mente. Incluso si la meditaci\u00f3n ya forma parte de tu vida, te ayudar\u00e1 a profundizar en tus conocimientos.<\/p>\n<p>En cuanto recorras sus p\u00e1ginas, te estar\u00e1s familiarizando no solo con la experiencia y el proceso de cada una de las t\u00e9cnicas, tambi\u00e9n gozar\u00e1s del regalo de la atenci\u00f3n plena, la paciencia, la creatividad y mucho m\u00e1s.<\/p>\n<p><strong><em>Abre la mente y el coraz\u00f3n<\/em><\/strong>\u00a0a la sabidur\u00eda ancestral. Ad\u00e9ntrate en la meditaci\u00f3n y comienza a disfrutar la tranquilidad del aqu\u00ed y ahora.<\/p>\n","protected":false},"excerpt":{"rendered":"<p>Benjamin W. Decker<\/p>\n","protected":false},"featured_media":964,"template":"","meta":{"_joinchat":[]},"product_brand":[],"product_cat":[58,41],"product_tag":[48],"class_list":{"0":"post-963","1":"product","2":"type-product","3":"status-publish","4":"has-post-thumbnail","6":"product_cat-desarrollo-humano-y-superacion","7":"product_cat-desarrollo-humano","8":"product_tag-vr-editoras","10":"first","11":"instock","12":"shipping-taxable","13":"purchasable","14":"product-type-simple"},"_links":{"self":[{"href":"https:\/\/libreriahistoriasdebolsillo.com\/index.php\/wp-json\/wp\/v2\/product\/963","targetHints":{"allow":["GET"]}}],"collection":[{"href":"https:\/\/libreriahistoriasdebolsillo.com\/index.php\/wp-json\/wp\/v2\/product"}],"about":[{"href":"https:\/\/libreriahistoriasdebolsillo.com\/index.php\/wp-json\/wp\/v2\/types\/product"}],"wp:featuredmedia":[{"embeddable":true,"href":"https:\/\/libreriahistoriasdebolsillo.com\/index.php\/wp-json\/wp\/v2\/media\/964"}],"wp:attachment":[{"href":"https:\/\/libreriahistoriasdebolsillo.com\/index.php\/wp-json\/wp\/v2\/media?parent=963"}],"wp:term":[{"taxonomy":"product_brand","embeddable":true,"href":"https:\/\/libreriahistoriasdebolsillo.com\/index.php\/wp-json\/wp\/v2\/product_brand?post=963"},{"taxonomy":"product_cat","embeddable":true,"href":"https:\/\/libreriahistoriasdebolsillo.com\/index.php\/wp-json\/wp\/v2\/product_cat?post=963"},{"taxonomy":"product_tag","embeddable":true,"href":"https:\/\/libreriahistoriasdebolsillo.com\/index.php\/wp-json\/wp\/v2\/product_tag?post=963"}],"curies":[{"name":"wp","href":"https:\/\/api.w.org\/{rel}","templated":true}]}}