{"id":966,"date":"2023-11-21T11:14:59","date_gmt":"2023-11-21T17:14:59","guid":{"rendered":"https:\/\/libreriahistoriasdebolsillo.com\/?post_type=product&#038;p=966"},"modified":"2023-11-21T11:14:59","modified_gmt":"2023-11-21T17:14:59","slug":"club-de-brujas","status":"publish","type":"product","link":"https:\/\/libreriahistoriasdebolsillo.com\/index.php\/producto\/club-de-brujas\/","title":{"rendered":"Club de brujas"},"content":{"rendered":"<p>Este libro no es uno m\u00e1s. Es uno de magia.<\/p>\n<p>En \u00e9l te iniciar\u00e1s en la astrolog\u00eda del Tarot. Conocer\u00e1s sus or\u00edgenes y los primeros pasos para empezar a usarlos.<\/p>\n<p><strong>\u00a1BIENVENIDO A CLUB DE BRUJAS!<\/strong><\/p>\n<p><strong>\u00a0<\/strong>\u00bfC\u00f3mo leer tu Carta Natal? \u00bfDe d\u00f3nde viene la astrolog\u00eda? \u00bfSirven los hor\u00f3scopos? \u00bfC\u00f3mo tiro las cartas? \u00bfQu\u00e9 es ser una bruja en la actualidad?<\/p>\n<p>Las talentosas creadoras de podcast Club de brujas, Mel Knarik y Ayel\u00e9n Romano, presentan esta gu\u00eda pr\u00e1ctica para iniciarte en el Tarot y la astrolog\u00eda, repleta de historias, tips, cultura pop y mucho<strong>\u00a0girl power.<\/strong><\/p>\n","protected":false},"excerpt":{"rendered":"<p>Mel Knarik y Ayel\u00e9n Romano<\/p>\n","protected":false},"featured_media":967,"template":"","meta":{"_joinchat":[]},"product_brand":[],"product_cat":[59,41],"product_tag":[48],"class_list":{"0":"post-966","1":"product","2":"type-product","3":"status-publish","4":"has-post-thumbnail","6":"product_cat-esoterismo","7":"product_cat-desarrollo-humano","8":"product_tag-vr-editoras","10":"first","11":"instock","12":"shipping-taxable","13":"purchasable","14":"product-type-simple"},"_links":{"self":[{"href":"https:\/\/libreriahistoriasdebolsillo.com\/index.php\/wp-json\/wp\/v2\/product\/966","targetHints":{"allow":["GET"]}}],"collection":[{"href":"https:\/\/libreriahistoriasdebolsillo.com\/index.php\/wp-json\/wp\/v2\/product"}],"about":[{"href":"https:\/\/libreriahistoriasdebolsillo.com\/index.php\/wp-json\/wp\/v2\/types\/product"}],"wp:featuredmedia":[{"embeddable":true,"href":"https:\/\/libreriahistoriasdebolsillo.com\/index.php\/wp-json\/wp\/v2\/media\/967"}],"wp:attachment":[{"href":"https:\/\/libreriahistoriasdebolsillo.com\/index.php\/wp-json\/wp\/v2\/media?parent=966"}],"wp:term":[{"taxonomy":"product_brand","embeddable":true,"href":"https:\/\/libreriahistoriasdebolsillo.com\/index.php\/wp-json\/wp\/v2\/product_brand?post=966"},{"taxonomy":"product_cat","embeddable":true,"href":"https:\/\/libreriahistoriasdebolsillo.com\/index.php\/wp-json\/wp\/v2\/product_cat?post=966"},{"taxonomy":"product_tag","embeddable":true,"href":"https:\/\/libreriahistoriasdebolsillo.com\/index.php\/wp-json\/wp\/v2\/product_tag?post=966"}],"curies":[{"name":"wp","href":"https:\/\/api.w.org\/{rel}","templated":true}]}}