{"id":968,"date":"2023-11-21T11:18:14","date_gmt":"2023-11-21T17:18:14","guid":{"rendered":"https:\/\/libreriahistoriasdebolsillo.com\/?post_type=product&#038;p=968"},"modified":"2024-02-06T17:02:07","modified_gmt":"2024-02-06T23:02:07","slug":"meditaciones-para-vidas-complicadas","status":"publish","type":"product","link":"https:\/\/libreriahistoriasdebolsillo.com\/index.php\/producto\/meditaciones-para-vidas-complicadas\/","title":{"rendered":"Meditaciones para vidas complicadas"},"content":{"rendered":"<p>\u00bfY si 5 minutos fueran todo el tiempo que necesitas para lograr tu bienestar?<\/p>\n<p>Meditaciones para vidas complicadas te ofrece: ?Una estructura flexible, que te ayudar\u00e1 a completar tu plan d\u00eda tras d\u00eda, desde enero hasta diciembre. Puedes empezar cuando quieras, y hacer tu pr\u00e1ctica en cualquier momento y lugar. ?Un plan diario, basado en la atenci\u00f3n plena, en el que trabajaras desde las emociones, el perd\u00f3n, la sanaci\u00f3n, y el amor propio, hasta el coraje, el cambio y el crecimiento: entre otros temas. Tienes en tus manos una gu\u00eda f\u00e1cil y r\u00e1pida, que puedes poner en pr\u00e1ctica sin importar la vida ocupada que tengas.<\/p>\n","protected":false},"excerpt":{"rendered":"<p>Sah D&#8217;Simone<\/p>\n","protected":false},"featured_media":969,"template":"","meta":{"_joinchat":[]},"product_brand":[],"product_cat":[58,41],"product_tag":[48],"class_list":{"0":"post-968","1":"product","2":"type-product","3":"status-publish","4":"has-post-thumbnail","6":"product_cat-desarrollo-humano-y-superacion","7":"product_cat-desarrollo-humano","8":"product_tag-vr-editoras","10":"first","11":"outofstock","12":"shipping-taxable","13":"purchasable","14":"product-type-simple"},"_links":{"self":[{"href":"https:\/\/libreriahistoriasdebolsillo.com\/index.php\/wp-json\/wp\/v2\/product\/968","targetHints":{"allow":["GET"]}}],"collection":[{"href":"https:\/\/libreriahistoriasdebolsillo.com\/index.php\/wp-json\/wp\/v2\/product"}],"about":[{"href":"https:\/\/libreriahistoriasdebolsillo.com\/index.php\/wp-json\/wp\/v2\/types\/product"}],"wp:featuredmedia":[{"embeddable":true,"href":"https:\/\/libreriahistoriasdebolsillo.com\/index.php\/wp-json\/wp\/v2\/media\/969"}],"wp:attachment":[{"href":"https:\/\/libreriahistoriasdebolsillo.com\/index.php\/wp-json\/wp\/v2\/media?parent=968"}],"wp:term":[{"taxonomy":"product_brand","embeddable":true,"href":"https:\/\/libreriahistoriasdebolsillo.com\/index.php\/wp-json\/wp\/v2\/product_brand?post=968"},{"taxonomy":"product_cat","embeddable":true,"href":"https:\/\/libreriahistoriasdebolsillo.com\/index.php\/wp-json\/wp\/v2\/product_cat?post=968"},{"taxonomy":"product_tag","embeddable":true,"href":"https:\/\/libreriahistoriasdebolsillo.com\/index.php\/wp-json\/wp\/v2\/product_tag?post=968"}],"curies":[{"name":"wp","href":"https:\/\/api.w.org\/{rel}","templated":true}]}}