{"id":979,"date":"2023-11-21T11:31:19","date_gmt":"2023-11-21T17:31:19","guid":{"rendered":"https:\/\/libreriahistoriasdebolsillo.com\/?post_type=product&#038;p=979"},"modified":"2024-02-06T17:16:17","modified_gmt":"2024-02-06T23:16:17","slug":"esta-en-ti","status":"publish","type":"product","link":"https:\/\/libreriahistoriasdebolsillo.com\/index.php\/producto\/esta-en-ti\/","title":{"rendered":"Est\u00e1 en ti"},"content":{"rendered":"<p>Renata Roa, consultora experta en Imagen y Comunicaci\u00f3n Facial, te ense\u00f1a a entender el poder de la comunicaci\u00f3n no verbal para generar una influencia directa en ti y en el resto de la gente que te rodea. Aqu\u00ed recordar\u00e1s tu historia de vida y ver\u00e1s que siempre se puede ver con otros ojos todo lo ocurrido. Comprobar\u00e1s que una actitud puede ser un gran regalo para el mundo, pero sobre todo para ti, y ver\u00e1s lo \u00fatil que es reinventarte. \u201cEsta en t?\u201d es una invitaci\u00f3n y un compa\u00f1ero para volverte tu mejor versi\u00f3n y as\u00ed tener todas las herramientas para poder conquistar tus sue\u00f1os.<\/p>\n","protected":false},"excerpt":{"rendered":"<p>Renata Roa<\/p>\n","protected":false},"featured_media":980,"template":"","meta":{"_joinchat":[]},"product_brand":[],"product_cat":[58,41],"product_tag":[48],"class_list":{"0":"post-979","1":"product","2":"type-product","3":"status-publish","4":"has-post-thumbnail","6":"product_cat-desarrollo-humano-y-superacion","7":"product_cat-desarrollo-humano","8":"product_tag-vr-editoras","10":"first","11":"outofstock","12":"shipping-taxable","13":"purchasable","14":"product-type-simple"},"_links":{"self":[{"href":"https:\/\/libreriahistoriasdebolsillo.com\/index.php\/wp-json\/wp\/v2\/product\/979","targetHints":{"allow":["GET"]}}],"collection":[{"href":"https:\/\/libreriahistoriasdebolsillo.com\/index.php\/wp-json\/wp\/v2\/product"}],"about":[{"href":"https:\/\/libreriahistoriasdebolsillo.com\/index.php\/wp-json\/wp\/v2\/types\/product"}],"wp:featuredmedia":[{"embeddable":true,"href":"https:\/\/libreriahistoriasdebolsillo.com\/index.php\/wp-json\/wp\/v2\/media\/980"}],"wp:attachment":[{"href":"https:\/\/libreriahistoriasdebolsillo.com\/index.php\/wp-json\/wp\/v2\/media?parent=979"}],"wp:term":[{"taxonomy":"product_brand","embeddable":true,"href":"https:\/\/libreriahistoriasdebolsillo.com\/index.php\/wp-json\/wp\/v2\/product_brand?post=979"},{"taxonomy":"product_cat","embeddable":true,"href":"https:\/\/libreriahistoriasdebolsillo.com\/index.php\/wp-json\/wp\/v2\/product_cat?post=979"},{"taxonomy":"product_tag","embeddable":true,"href":"https:\/\/libreriahistoriasdebolsillo.com\/index.php\/wp-json\/wp\/v2\/product_tag?post=979"}],"curies":[{"name":"wp","href":"https:\/\/api.w.org\/{rel}","templated":true}]}}